{"id":410,"date":"2020-02-01T19:54:48","date_gmt":"2020-02-01T18:54:48","guid":{"rendered":"https:\/\/e-cristians.cat\/new\/campanyes\/"},"modified":"2021-01-15T20:40:56","modified_gmt":"2021-01-15T19:40:56","slug":"campanas","status":"publish","type":"page","link":"https:\/\/e-cristians.cat\/es\/campanas\/","title":{"rendered":"Campa\u00f1as actuales"},"content":{"rendered":"<section class=\"l-section wpb_row height_medium\"><div class=\"l-section-h i-cf\"><div class=\"g-cols vc_row via_flex valign_top type_default stacking_default\"><div class=\"vc_col-sm-12 wpb_column vc_column_container\"><div class=\"vc_column-inner\"><div class=\"wpb_wrapper\"><div class=\"wpb_text_column\"><div class=\"wpb_wrapper\"><h1>Campa\u00f1as actuales<\/h1>\n<\/div><\/div><div class=\"w-separator size_medium\"><\/div><div class=\"g-cols wpb_row via_flex valign_top type_default stacking_default\"><div class=\"vc_col-sm-4 wpb_column vc_column_container\"><div class=\"vc_column-inner\"><div class=\"wpb_wrapper\"><div class=\"wpb_text_column\"><div class=\"wpb_wrapper\"><h3><a href=\"https:\/\/e-cristians.cat\/es\/stop-porno\/\">Stop porno<\/a><\/h3>\n<\/div><\/div><div class=\"w-separator size_custom\" style=\"height:20px\"><\/div><div class=\"w-grid type_grid layout_631 overflow_hidden\" id=\"us_grid_1\" data-filterable=\"true\"><style>#us_grid_1 .w-grid-item:not(:last-child){margin-bottom:1.5rem}#us_grid_1 .g-loadmore{margin-top:1.5rem}.layout_631 .w-grid-item-h{background:#fff;border-radius:0.3rem;box-shadow:0 0.03rem 0.06rem rgba(0,0,0,0.1),0 0.1rem 0.3rem rgba(0,0,0,0.1);transition-duration:0.3s}.no-touch .layout_631 .w-grid-item-h:hover{box-shadow:0 0.1rem 0.2rem rgba(0,0,0,0.1),0 0.33rem 1rem rgba(0,0,0,0.15);z-index:4}.layout_631 .usg_post_title_1{font-family:var(--font-body)!important;font-size:1.2rem!important;font-weight:700!important}.layout_631 .usg_vwrapper_1{padding:9% 11% 11% 11%!important}.layout_631 .usg_hwrapper_1{color:#999!important}.layout_631 .usg_post_date_1{font-family:var(--font-body)!important;font-size:0.9rem!important}<\/style><div class=\"w-grid-list\">\t<article class=\"w-grid-item size_1x1 post-2822 post type-post status-publish format-standard has-post-thumbnail hentry category-campanyes-es category-stop-porno-es tag-pornografia-es tag-prostitucion\" data-id=\"2822\">\r\n\t\t<div class=\"w-grid-item-h\">\r\n\t\t\t\t\t\t<div class=\"w-post-elm post_image usg_post_image_1 imagen_cluster stretched\"><a href=\"https:\/\/e-cristians.cat\/es\/resolucion-del-parlamento-europeo-sobre-pornografia-y-prostitucion\/\" aria-label=\"Resoluci\u00f3n del Parlamento Europeo sobre pornograf\u00eda y prostituci\u00f3n\"><img decoding=\"async\" width=\"624\" height=\"381\" data-src=\"https:\/\/e-cristians.cat\/wp-content\/uploads\/2021\/01\/parlamento-europeo-klTG-U80272706201qlH-624x385@El-Correo.jpg\" class=\"attachment-large size-large wp-post-image lazyload\" alt=\"\" data-srcset=\"https:\/\/e-cristians.cat\/wp-content\/uploads\/2021\/01\/parlamento-europeo-klTG-U80272706201qlH-624x385@El-Correo.jpg 624w, https:\/\/e-cristians.cat\/wp-content\/uploads\/2021\/01\/parlamento-europeo-klTG-U80272706201qlH-624x385@El-Correo-600x366.jpg 600w, https:\/\/e-cristians.cat\/wp-content\/uploads\/2021\/01\/parlamento-europeo-klTG-U80272706201qlH-624x385@El-Correo-300x183.jpg 300w, https:\/\/e-cristians.cat\/wp-content\/uploads\/2021\/01\/parlamento-europeo-klTG-U80272706201qlH-624x385@El-Correo-150x92.jpg 150w\" data-sizes=\"(max-width: 624px) 100vw, 624px\" src=\"data:image\/svg+xml;base64,PHN2ZyB3aWR0aD0iMSIgaGVpZ2h0PSIxIiB4bWxucz0iaHR0cDovL3d3dy53My5vcmcvMjAwMC9zdmciPjwvc3ZnPg==\" style=\"--smush-placeholder-width: 624px; --smush-placeholder-aspect-ratio: 624\/381;\" \/><\/a><\/div><div class=\"w-vwrapper usg_vwrapper_1 align_left valign_top\"><h2 class=\"w-post-elm post_title usg_post_title_1 entry-title color_link_inherit\"><a href=\"https:\/\/e-cristians.cat\/es\/resolucion-del-parlamento-europeo-sobre-pornografia-y-prostitucion\/\">Resoluci\u00f3n del Parlamento Europeo sobre pornograf\u00eda y prostituci\u00f3n<\/a><\/h2><div class=\"w-hwrapper usg_hwrapper_1 align_left valign_top wrap\"><time class=\"w-post-elm post_date usg_post_date_1 entry-date published\" datetime=\"2021-02-05T11:10:28+01:00\"><i class=\"far fa-clock\"><\/i>5 de febrero de 2021<\/time><\/div><\/div>\t\t<\/div>\r\n\t<\/article>\r\n<\/div><div class=\"w-grid-preloader\"><div class=\"g-preloader type_1\">\r\n\t<div><\/div>\r\n<\/div>\r\n<\/div>\t<div class=\"w-grid-json hidden\" onclick='return {&quot;action&quot;:&quot;us_ajax_grid&quot;,&quot;ajax_url&quot;:&quot;https:\\\/\\\/e-cristians.cat\\\/wp-admin\\\/admin-ajax.php&quot;,&quot;infinite_scroll&quot;:0,&quot;max_num_pages&quot;:2,&quot;pagination&quot;:&quot;none&quot;,&quot;permalink_url&quot;:&quot;https:\\\/\\\/e-cristians.cat\\\/es\\\/wp-json\\\/wp\\\/v2\\\/pages\\\/410\\\/&quot;,&quot;template_vars&quot;:{&quot;columns&quot;:&quot;1&quot;,&quot;exclude_items&quot;:&quot;none&quot;,&quot;img_size&quot;:&quot;default&quot;,&quot;ignore_items_size&quot;:false,&quot;items_layout&quot;:&quot;631&quot;,&quot;items_offset&quot;:&quot;1&quot;,&quot;load_animation&quot;:&quot;none&quot;,&quot;overriding_link&quot;:&quot;none&quot;,&quot;post_id&quot;:410,&quot;query_args&quot;:{&quot;post_type&quot;:[&quot;post&quot;],&quot;tax_query&quot;:[{&quot;taxonomy&quot;:&quot;category&quot;,&quot;field&quot;:&quot;slug&quot;,&quot;terms&quot;:[&quot;stop-porno-es&quot;]}],&quot;post_status&quot;:[&quot;publish&quot;,&quot;cf7pp-pending&quot;,&quot;cf7pp-completed&quot;,&quot;cf7pp-failed&quot;,&quot;cf7pp-abandoned&quot;],&quot;posts_per_page&quot;:&quot;1&quot;},&quot;orderby_query_args&quot;:{&quot;orderby&quot;:{&quot;date&quot;:&quot;DESC&quot;}},&quot;type&quot;:&quot;grid&quot;,&quot;us_grid_ajax_index&quot;:1,&quot;us_grid_filter_params&quot;:null,&quot;us_grid_index&quot;:1,&quot;_us_grid_post_type&quot;:&quot;post&quot;,&quot;lang&quot;:&quot;es&quot;}}'><\/div>\r\n\t<\/div><\/div><\/div><\/div><div class=\"vc_col-sm-4 wpb_column vc_column_container\"><div class=\"vc_column-inner\"><div class=\"wpb_wrapper\"><div class=\"wpb_text_column\"><div class=\"wpb_wrapper\"><h3><a href=\"https:\/\/e-cristians.cat\/es\/eutanasia\/\">Eutanasia<\/a><\/h3>\n<\/div><\/div><div class=\"w-separator size_custom\" style=\"height:20px\"><\/div><div class=\"w-grid type_grid layout_631 overflow_hidden\" id=\"us_grid_2\"><style>#us_grid_2 .w-grid-item:not(:last-child){margin-bottom:1.5rem}#us_grid_2 .g-loadmore{margin-top:1.5rem}<\/style><div class=\"w-grid-list\">\t<article class=\"w-grid-item size_1x1 post-42128 post type-post status-publish format-standard has-post-thumbnail hentry category-campanyes-es category-eutanasia-es tag-eutanasia-es\" data-id=\"42128\">\r\n\t\t<div class=\"w-grid-item-h\">\r\n\t\t\t\t\t\t<div class=\"w-post-elm post_image usg_post_image_1 imagen_cluster stretched\"><a href=\"https:\/\/e-cristians.cat\/es\/argumentario-contra-la-eutanasia-20-ideas-incontestables\/\" aria-label=\"Argumentario contra la eutanasia: 20 ideas incontestables\"><img decoding=\"async\" width=\"620\" height=\"310\" data-src=\"https:\/\/e-cristians.cat\/wp-content\/uploads\/2022\/03\/eutanasiano.jpg\" class=\"attachment-large size-large wp-post-image lazyload\" alt=\"\" data-srcset=\"https:\/\/e-cristians.cat\/wp-content\/uploads\/2022\/03\/eutanasiano.jpg 620w, https:\/\/e-cristians.cat\/wp-content\/uploads\/2022\/03\/eutanasiano-600x300.jpg 600w\" data-sizes=\"(max-width: 620px) 100vw, 620px\" src=\"data:image\/svg+xml;base64,PHN2ZyB3aWR0aD0iMSIgaGVpZ2h0PSIxIiB4bWxucz0iaHR0cDovL3d3dy53My5vcmcvMjAwMC9zdmciPjwvc3ZnPg==\" style=\"--smush-placeholder-width: 620px; --smush-placeholder-aspect-ratio: 620\/310;\" \/><\/a><\/div><div class=\"w-vwrapper usg_vwrapper_1 align_left valign_top\"><h2 class=\"w-post-elm post_title usg_post_title_1 entry-title color_link_inherit\"><a href=\"https:\/\/e-cristians.cat\/es\/argumentario-contra-la-eutanasia-20-ideas-incontestables\/\">Argumentario contra la eutanasia: 20 ideas incontestables<\/a><\/h2><div class=\"w-hwrapper usg_hwrapper_1 align_left valign_top wrap\"><time class=\"w-post-elm post_date usg_post_date_1 entry-date published\" datetime=\"2022-09-01T12:06:07+02:00\"><i class=\"far fa-clock\"><\/i>1 de septiembre de 2022<\/time><\/div><\/div>\t\t<\/div>\r\n\t<\/article>\r\n<\/div><div class=\"w-grid-preloader\"><div class=\"g-preloader type_1\">\r\n\t<div><\/div>\r\n<\/div>\r\n<\/div>\t<div class=\"w-grid-json hidden\" onclick='return {&quot;action&quot;:&quot;us_ajax_grid&quot;,&quot;ajax_url&quot;:&quot;https:\\\/\\\/e-cristians.cat\\\/wp-admin\\\/admin-ajax.php&quot;,&quot;infinite_scroll&quot;:0,&quot;max_num_pages&quot;:26,&quot;pagination&quot;:&quot;none&quot;,&quot;permalink_url&quot;:&quot;https:\\\/\\\/e-cristians.cat\\\/es\\\/wp-json\\\/wp\\\/v2\\\/pages\\\/410\\\/&quot;,&quot;template_vars&quot;:{&quot;columns&quot;:&quot;1&quot;,&quot;exclude_items&quot;:&quot;none&quot;,&quot;img_size&quot;:&quot;default&quot;,&quot;ignore_items_size&quot;:false,&quot;items_layout&quot;:&quot;631&quot;,&quot;items_offset&quot;:&quot;1&quot;,&quot;load_animation&quot;:&quot;none&quot;,&quot;overriding_link&quot;:&quot;none&quot;,&quot;post_id&quot;:2822,&quot;query_args&quot;:{&quot;post_type&quot;:[&quot;post&quot;],&quot;tax_query&quot;:[{&quot;taxonomy&quot;:&quot;category&quot;,&quot;field&quot;:&quot;slug&quot;,&quot;terms&quot;:[&quot;eutanasia-es&quot;]}],&quot;post_status&quot;:[&quot;publish&quot;,&quot;cf7pp-pending&quot;,&quot;cf7pp-completed&quot;,&quot;cf7pp-failed&quot;,&quot;cf7pp-abandoned&quot;],&quot;posts_per_page&quot;:&quot;1&quot;},&quot;orderby_query_args&quot;:{&quot;orderby&quot;:{&quot;date&quot;:&quot;DESC&quot;}},&quot;type&quot;:&quot;grid&quot;,&quot;us_grid_ajax_index&quot;:1,&quot;us_grid_filter_params&quot;:null,&quot;us_grid_index&quot;:2,&quot;_us_grid_post_type&quot;:&quot;post&quot;,&quot;lang&quot;:&quot;es&quot;}}'><\/div>\r\n\t<\/div><\/div><\/div><\/div><div class=\"vc_col-sm-4 wpb_column vc_column_container\"><div class=\"vc_column-inner\"><div class=\"wpb_wrapper\"><div class=\"wpb_text_column\"><div class=\"wpb_wrapper\"><h3><a href=\"https:\/\/e-cristians.cat\/es\/aborto\/\">Aborto<\/a><\/h3>\n<\/div><\/div><div class=\"w-separator size_custom\" style=\"height:20px\"><\/div><div class=\"w-grid type_grid layout_631 overflow_hidden\" id=\"us_grid_3\"><style>#us_grid_3 .w-grid-item:not(:last-child){margin-bottom:1.5rem}#us_grid_3 .g-loadmore{margin-top:1.5rem}<\/style><div class=\"w-grid-list\">\t<article class=\"w-grid-item size_1x1 post-352403 post type-post status-publish format-standard has-post-thumbnail hentry category-avortament-es category-campanyes-es\" data-id=\"352403\">\r\n\t\t<div class=\"w-grid-item-h\">\r\n\t\t\t\t\t\t<div class=\"w-post-elm post_image usg_post_image_1 imagen_cluster stretched\"><a href=\"https:\/\/e-cristians.cat\/es\/firma-en-contra-de-la-resolucion-para-incluir-el-aborto-en-la-carta-de-los-derechos-fundamentales-de-la-ue\/\" aria-label=\"Firma en contra de la resoluci\u00f3n para incluir el aborto en la Carta de los Derechos Fundamentales de la UE\"><img decoding=\"async\" width=\"1024\" height=\"404\" data-src=\"https:\/\/e-cristians.cat\/wp-content\/uploads\/2024\/04\/ueaborto-scaled-1-1024x404.jpg\" class=\"attachment-large size-large wp-post-image lazyload\" alt=\"parlamento europeo aborto\" data-srcset=\"https:\/\/e-cristians.cat\/wp-content\/uploads\/2024\/04\/ueaborto-scaled-1-1024x404.jpg 1024w, https:\/\/e-cristians.cat\/wp-content\/uploads\/2024\/04\/ueaborto-scaled-1-300x118.jpg 300w, https:\/\/e-cristians.cat\/wp-content\/uploads\/2024\/04\/ueaborto-scaled-1-600x236.jpg 600w, https:\/\/e-cristians.cat\/wp-content\/uploads\/2024\/04\/ueaborto-scaled-1-150x59.jpg 150w, https:\/\/e-cristians.cat\/wp-content\/uploads\/2024\/04\/ueaborto-scaled-1.jpg 2048w\" data-sizes=\"(max-width: 1024px) 100vw, 1024px\" src=\"data:image\/svg+xml;base64,PHN2ZyB3aWR0aD0iMSIgaGVpZ2h0PSIxIiB4bWxucz0iaHR0cDovL3d3dy53My5vcmcvMjAwMC9zdmciPjwvc3ZnPg==\" style=\"--smush-placeholder-width: 1024px; --smush-placeholder-aspect-ratio: 1024\/404;\" \/><\/a><\/div><div class=\"w-vwrapper usg_vwrapper_1 align_left valign_top\"><h2 class=\"w-post-elm post_title usg_post_title_1 entry-title color_link_inherit\"><a href=\"https:\/\/e-cristians.cat\/es\/firma-en-contra-de-la-resolucion-para-incluir-el-aborto-en-la-carta-de-los-derechos-fundamentales-de-la-ue\/\">Firma en contra de la resoluci\u00f3n para incluir el aborto en la Carta de los Derechos Fundamentales de la UE<\/a><\/h2><div class=\"w-hwrapper usg_hwrapper_1 align_left valign_top wrap\"><time class=\"w-post-elm post_date usg_post_date_1 entry-date published\" datetime=\"2024-05-16T17:26:58+02:00\"><i class=\"far fa-clock\"><\/i>16 de mayo de 2024<\/time><\/div><\/div>\t\t<\/div>\r\n\t<\/article>\r\n<\/div><div class=\"w-grid-preloader\"><div class=\"g-preloader type_1\">\r\n\t<div><\/div>\r\n<\/div>\r\n<\/div>\t<div class=\"w-grid-json hidden\" onclick='return {&quot;action&quot;:&quot;us_ajax_grid&quot;,&quot;ajax_url&quot;:&quot;https:\\\/\\\/e-cristians.cat\\\/wp-admin\\\/admin-ajax.php&quot;,&quot;infinite_scroll&quot;:0,&quot;max_num_pages&quot;:15,&quot;pagination&quot;:&quot;none&quot;,&quot;permalink_url&quot;:&quot;https:\\\/\\\/e-cristians.cat\\\/es\\\/wp-json\\\/wp\\\/v2\\\/pages\\\/410\\\/&quot;,&quot;template_vars&quot;:{&quot;columns&quot;:&quot;1&quot;,&quot;exclude_items&quot;:&quot;none&quot;,&quot;img_size&quot;:&quot;default&quot;,&quot;ignore_items_size&quot;:false,&quot;items_layout&quot;:&quot;631&quot;,&quot;items_offset&quot;:&quot;1&quot;,&quot;load_animation&quot;:&quot;none&quot;,&quot;overriding_link&quot;:&quot;none&quot;,&quot;post_id&quot;:42128,&quot;query_args&quot;:{&quot;post_type&quot;:[&quot;post&quot;],&quot;tax_query&quot;:[{&quot;taxonomy&quot;:&quot;category&quot;,&quot;field&quot;:&quot;slug&quot;,&quot;terms&quot;:[&quot;avortament-es&quot;]}],&quot;post_status&quot;:[&quot;publish&quot;,&quot;cf7pp-pending&quot;,&quot;cf7pp-completed&quot;,&quot;cf7pp-failed&quot;,&quot;cf7pp-abandoned&quot;],&quot;posts_per_page&quot;:&quot;1&quot;},&quot;orderby_query_args&quot;:{&quot;orderby&quot;:{&quot;date&quot;:&quot;DESC&quot;}},&quot;type&quot;:&quot;grid&quot;,&quot;us_grid_ajax_index&quot;:1,&quot;us_grid_filter_params&quot;:null,&quot;us_grid_index&quot;:3,&quot;_us_grid_post_type&quot;:&quot;post&quot;,&quot;lang&quot;:&quot;es&quot;}}'><\/div>\r\n\t<\/div><\/div><\/div><\/div><\/div><div class=\"w-separator size_medium\"><\/div><\/div><\/div><\/div><\/div><\/div><\/section>\n","protected":false},"excerpt":{"rendered":"La Federaci\u00f3n Europea One of Us, con la que colaboramos, ha lanzado una campa\u00f1a en respuesta a una resoluci\u00f3n del Parlamento Europeo para incluir el aborto en la Carta de los Derechos Humanos de la UE. Entra y firma la declaraci\u00f3n y difundela en tus redes sociales: https:\/\/oneofus.eu\/es Aqu\u00ed tienes el escrito de la presidenta...","protected":false},"author":1,"featured_media":0,"parent":0,"menu_order":0,"comment_status":"closed","ping_status":"closed","template":"","meta":{"footnotes":""},"class_list":["post-410","page","type-page","status-publish","hentry"],"yoast_head":"<!-- This site is optimized with the Yoast SEO plugin v20.0 - https:\/\/yoast.com\/wordpress\/plugins\/seo\/ -->\n<title>Campa\u00f1as actuales - e-Cristians<\/title>\n<meta name=\"robots\" content=\"noindex, follow\" \/>\n<meta property=\"og:locale\" content=\"es_ES\" \/>\n<meta property=\"og:type\" content=\"article\" \/>\n<meta property=\"og:title\" content=\"Campa\u00f1as actuales - e-Cristians\" \/>\n<meta property=\"og:url\" content=\"https:\/\/e-cristians.cat\/es\/campanas\/\" \/>\n<meta property=\"og:site_name\" content=\"e-Cristians\" \/>\n<meta property=\"article:modified_time\" content=\"2021-01-15T19:40:56+00:00\" \/>\n<meta name=\"twitter:card\" content=\"summary_large_image\" \/>\n<meta name=\"twitter:label1\" content=\"Tiempo de lectura\" \/>\n\t<meta name=\"twitter:data1\" content=\"1 minuto\" \/>\n<script type=\"application\/ld+json\" class=\"yoast-schema-graph\">{\"@context\":\"https:\/\/schema.org\",\"@graph\":[{\"@type\":\"WebPage\",\"@id\":\"https:\/\/e-cristians.cat\/es\/campanas\/\",\"url\":\"https:\/\/e-cristians.cat\/es\/campanas\/\",\"name\":\"Campa\u00f1as actuales - e-Cristians\",\"isPartOf\":{\"@id\":\"https:\/\/e-cristians.cat\/#website\"},\"datePublished\":\"2020-02-01T18:54:48+00:00\",\"dateModified\":\"2021-01-15T19:40:56+00:00\",\"breadcrumb\":{\"@id\":\"https:\/\/e-cristians.cat\/es\/campanas\/#breadcrumb\"},\"inLanguage\":\"es\",\"potentialAction\":[{\"@type\":\"ReadAction\",\"target\":[\"https:\/\/e-cristians.cat\/es\/campanas\/\"]}]},{\"@type\":\"BreadcrumbList\",\"@id\":\"https:\/\/e-cristians.cat\/es\/campanas\/#breadcrumb\",\"itemListElement\":[{\"@type\":\"ListItem\",\"position\":1,\"name\":\"Inici\",\"item\":\"https:\/\/e-cristians.cat\/es\/\"},{\"@type\":\"ListItem\",\"position\":2,\"name\":\"Campa\u00f1as actuales\"}]},{\"@type\":\"WebSite\",\"@id\":\"https:\/\/e-cristians.cat\/#website\",\"url\":\"https:\/\/e-cristians.cat\/\",\"name\":\"e-Cristians\",\"description\":\"\",\"potentialAction\":[{\"@type\":\"SearchAction\",\"target\":{\"@type\":\"EntryPoint\",\"urlTemplate\":\"https:\/\/e-cristians.cat\/?s={search_term_string}\"},\"query-input\":\"required name=search_term_string\"}],\"inLanguage\":\"es\"}]}<\/script>\n<!-- \/ Yoast SEO plugin. -->","yoast_head_json":{"title":"Campa\u00f1as actuales - e-Cristians","robots":{"index":"noindex","follow":"follow"},"og_locale":"es_ES","og_type":"article","og_title":"Campa\u00f1as actuales - e-Cristians","og_url":"https:\/\/e-cristians.cat\/es\/campanas\/","og_site_name":"e-Cristians","article_modified_time":"2021-01-15T19:40:56+00:00","twitter_card":"summary_large_image","twitter_misc":{"Tiempo de lectura":"1 minuto"},"schema":{"@context":"https:\/\/schema.org","@graph":[{"@type":"WebPage","@id":"https:\/\/e-cristians.cat\/es\/campanas\/","url":"https:\/\/e-cristians.cat\/es\/campanas\/","name":"Campa\u00f1as actuales - e-Cristians","isPartOf":{"@id":"https:\/\/e-cristians.cat\/#website"},"datePublished":"2020-02-01T18:54:48+00:00","dateModified":"2021-01-15T19:40:56+00:00","breadcrumb":{"@id":"https:\/\/e-cristians.cat\/es\/campanas\/#breadcrumb"},"inLanguage":"es","potentialAction":[{"@type":"ReadAction","target":["https:\/\/e-cristians.cat\/es\/campanas\/"]}]},{"@type":"BreadcrumbList","@id":"https:\/\/e-cristians.cat\/es\/campanas\/#breadcrumb","itemListElement":[{"@type":"ListItem","position":1,"name":"Inici","item":"https:\/\/e-cristians.cat\/es\/"},{"@type":"ListItem","position":2,"name":"Campa\u00f1as actuales"}]},{"@type":"WebSite","@id":"https:\/\/e-cristians.cat\/#website","url":"https:\/\/e-cristians.cat\/","name":"e-Cristians","description":"","potentialAction":[{"@type":"SearchAction","target":{"@type":"EntryPoint","urlTemplate":"https:\/\/e-cristians.cat\/?s={search_term_string}"},"query-input":"required name=search_term_string"}],"inLanguage":"es"}]}},"jetpack_sharing_enabled":true,"_links":{"self":[{"href":"https:\/\/e-cristians.cat\/es\/wp-json\/wp\/v2\/pages\/410"}],"collection":[{"href":"https:\/\/e-cristians.cat\/es\/wp-json\/wp\/v2\/pages"}],"about":[{"href":"https:\/\/e-cristians.cat\/es\/wp-json\/wp\/v2\/types\/page"}],"author":[{"embeddable":true,"href":"https:\/\/e-cristians.cat\/es\/wp-json\/wp\/v2\/users\/1"}],"replies":[{"embeddable":true,"href":"https:\/\/e-cristians.cat\/es\/wp-json\/wp\/v2\/comments?post=410"}],"version-history":[{"count":5,"href":"https:\/\/e-cristians.cat\/es\/wp-json\/wp\/v2\/pages\/410\/revisions"}],"predecessor-version":[{"id":411,"href":"https:\/\/e-cristians.cat\/es\/wp-json\/wp\/v2\/pages\/410\/revisions\/411"}],"wp:attachment":[{"href":"https:\/\/e-cristians.cat\/es\/wp-json\/wp\/v2\/media?parent=410"}],"curies":[{"name":"wp","href":"https:\/\/api.w.org\/{rel}","templated":true}]}}