{"id":434380,"date":"2024-10-07T19:40:17","date_gmt":"2024-10-07T17:40:17","guid":{"rendered":"https:\/\/e-cristians.cat\/?page_id=434380"},"modified":"2024-10-07T19:54:06","modified_gmt":"2024-10-07T17:54:06","slug":"libertad-de-educacion","status":"publish","type":"page","link":"https:\/\/e-cristians.cat\/es\/libertad-de-educacion\/","title":{"rendered":""},"content":{"rendered":"<div id=\"mc_embed_shell\">\n      <link href=\"\/\/cdn-images.mailchimp.com\/embedcode\/classic-061523.css\" rel=\"stylesheet\" type=\"text\/css\">\n<style type=\"text\/css\">\n        #mc_embed_signup{background:#fff; false;clear:left; font:14px Helvetica,Arial,sans-serif; width: 600px;}\n        \/* Add your own Mailchimp form style overrides in your site stylesheet or in this style block.\n           We recommend moving this block and the preceding CSS link to the HEAD of your HTML file. *\/\n<\/style>\n<div id=\"mc_embed_signup\">\n<form action=\"https:\/\/e-cristians.us4.list-manage.com\/subscribe\/post?u=6d84f6270a2c0995fcf603a96&amp;id=98df18b6c4&amp;f_id=000f59e2f0\" method=\"post\" id=\"mc-embedded-subscribe-form\" name=\"mc-embedded-subscribe-form\" class=\"validate\" target=\"_blank\">\n<div id=\"mc_embed_signup_scroll\">\n<h1>Campa\u00f1a de libertad de educaci\u00f3n de la Corriente Social Cristiana<\/h1>\n<p>Si quieres adherirte a la campa\u00f1a de libertad de educaci\u00f3n de la Corriente Social Cristiana, rellena el formulario siguiente:<\/p>\n<div class=\"indicates-required\"><span class=\"asterisk\">*<\/span> indica que es obligatorio<\/div>\n<div class=\"mc-field-group\"><label for=\"mce-FNAME\">Nombre <\/label><input type=\"text\" name=\"FNAME\" class=\" text\" id=\"mce-FNAME\" value=\"\"><\/div>\n<div class=\"mc-field-group\"><label for=\"mce-LNAME\">Apellidos <\/label><input type=\"text\" name=\"LNAME\" class=\" text\" id=\"mce-LNAME\" value=\"\"><\/div>\n<div class=\"mc-field-group\"><label for=\"mce-PROFESION\">Profesi\u00f3n <\/label><input type=\"text\" name=\"PROFESION\" class=\" text\" id=\"mce-PROFESION\" value=\"\"><\/div>\n<div class=\"mc-field-group\"><label for=\"mce-ENTIDAD\">Entidad que representa <\/label><input type=\"text\" name=\"ENTIDAD\" class=\" text\" id=\"mce-ENTIDAD\" value=\"\"><\/div>\n<div class=\"mc-field-group\"><label for=\"mce-MMERGE7\">Entidad en la que trabaja <\/label><input type=\"text\" name=\"MMERGE7\" class=\" text\" id=\"mce-MMERGE7\" value=\"\"><\/div>\n<div class=\"mc-field-group\"><label for=\"mce-EMAIL\">Direcci\u00f3n de correo electr\u00f3nico <span class=\"asterisk\">*<\/span><\/label><input type=\"email\" name=\"EMAIL\" class=\"required email\" id=\"mce-EMAIL\" required=\"\" value=\"\"><\/div>\n<div class=\"mc-field-group input-group\"><strong>Autorizo a que mi adhesi\u00f3n se haga p\u00fablica en el contexto de esta campa\u00f1a de libertad de educaci\u00f3n<\/strong><\/p>\n<ul>\n<li><input type=\"radio\" name=\"AUTORIZACI\" id=\"mce-AUTORIZACI0\" value=\"SI\"><label for=\"mce-AUTORIZACI0\">SI<\/label><\/li>\n<li><input type=\"radio\" name=\"AUTORIZACI\" id=\"mce-AUTORIZACI1\" value=\"NO\"><label for=\"mce-AUTORIZACI1\">NO<\/label><\/li>\n<\/ul>\n<\/div>\n<div id=\"mce-responses\" class=\"clear\">\n<div class=\"response\" id=\"mce-error-response\" style=\"display: none;\"><\/div>\n<div class=\"response\" id=\"mce-success-response\" style=\"display: none;\"><\/div><\/div>\n<div aria-hidden=\"true\" style=\"position: absolute; left: -5000px;\"><input type=\"text\" name=\"b_6d84f6270a2c0995fcf603a96_98df18b6c4\" tabindex=\"-1\" value=\"\"><\/div>\n<div class=\"clear\"><input type=\"submit\" name=\"subscribe\" id=\"mc-embedded-subscribe\" class=\"button\" value=\"Subscribirse\"><\/div><\/div>\n<\/form>\n<\/div>\n<p><script type=\"text\/javascript\" src=\"\/\/s3.amazonaws.com\/downloads.mailchimp.com\/js\/mc-validate.js\"><\/script><script type=\"text\/javascript\">(function($) {window.fnames = new Array(); window.ftypes = new Array();fnames[0]='EMAIL';ftypes[0]='email';fnames[1]='FNAME';ftypes[1]='text';fnames[2]='LNAME';ftypes[2]='text';fnames[6]='PROFESION';ftypes[6]='text';fnames[5]='ENTIDAD';ftypes[5]='text';fnames[7]='MMERGE7';ftypes[7]='text';fnames[8]='AUTORIZACI';ftypes[8]='radio';fnames[3]='ADDRESS';ftypes[3]='address';fnames[4]='PHONE';ftypes[4]='phone';\/*\n * Translated default messages for the $ validation plugin.\n * Locale: ES\n *\/\n$.extend($.validator.messages, {\n  required: \"Este campo es obligatorio.\",\n  remote: \"Por favor, rellena este campo.\",\n  email: \"Por favor, escribe una direcci\u00f3n de correo v\u00e1lida\",\n  url: \"Por favor, escribe una URL v\u00e1lida.\",\n  date: \"Por favor, escribe una fecha v\u00e1lida.\",\n  dateISO: \"Por favor, escribe una fecha (ISO) v\u00e1lida.\",\n  number: \"Por favor, escribe un n\u00famero entero v\u00e1lido.\",\n  digits: \"Por favor, escribe s\u00f3lo d\u00edgitos.\",\n  creditcard: \"Por favor, escribe un n\u00famero de tarjeta v\u00e1lido.\",\n  equalTo: \"Por favor, escribe el mismo valor de nuevo.\",\n  accept: \"Por favor, escribe un valor con una extensi\u00f3n aceptada.\",\n  maxlength: $.validator.format(\"Por favor, no escribas m\u00e1s de {0} caracteres.\"),\n  minlength: $.validator.format(\"Por favor, no escribas menos de {0} caracteres.\"),\n  rangelength: $.validator.format(\"Por favor, escribe un valor entre {0} y {1} caracteres.\"),\n  range: $.validator.format(\"Por favor, escribe un valor entre {0} y {1}.\"),\n  max: $.validator.format(\"Por favor, escribe un valor menor o igual a {0}.\"),\n  min: $.validator.format(\"Por favor, escribe un valor mayor o igual a {0}.\")\n});}(jQuery));var $mcj = jQuery.noConflict(true);<\/script><\/div>\n","protected":false},"excerpt":{"rendered":"<p>Campa\u00f1a de libertad de educaci\u00f3n de la Corriente Social Cristiana Si quieres adherirte a la campa\u00f1a de libertad de educaci\u00f3n de la Corriente Social Cristiana, rellena el formulario siguiente: * indica que es obligatorio Nombre Apellidos Profesi\u00f3n Entidad que representa Entidad en la que trabaja Direcci\u00f3n de correo electr\u00f3nico * Autorizo a que mi adhesi\u00f3n&#8230;<\/p>\n","protected":false},"author":1,"featured_media":0,"parent":0,"menu_order":0,"comment_status":"closed","ping_status":"closed","template":"","meta":{"footnotes":""},"class_list":["post-434380","page","type-page","status-publish","hentry"],"yoast_head":"<!-- This site is optimized with the Yoast SEO plugin v20.0 - https:\/\/yoast.com\/wordpress\/plugins\/seo\/ -->\n<title>- e-Cristians<\/title>\n<meta name=\"robots\" content=\"index, follow, max-snippet:-1, max-image-preview:large, max-video-preview:-1\" \/>\n<link rel=\"canonical\" href=\"https:\/\/e-cristians.cat\/es\/libertad-de-educacion\/\" \/>\n<meta property=\"og:locale\" content=\"es_ES\" \/>\n<meta property=\"og:type\" content=\"article\" \/>\n<meta property=\"og:title\" content=\"- e-Cristians\" \/>\n<meta property=\"og:description\" content=\"Campa\u00f1a de libertad de educaci\u00f3n de la Corriente Social Cristiana Si quieres adherirte a la campa\u00f1a de libertad de educaci\u00f3n de la Corriente Social Cristiana, rellena el formulario siguiente: * indica que es obligatorio Nombre Apellidos Profesi\u00f3n Entidad que representa Entidad en la que trabaja Direcci\u00f3n de correo electr\u00f3nico * Autorizo a que mi adhesi\u00f3n...\" \/>\n<meta property=\"og:url\" content=\"https:\/\/e-cristians.cat\/es\/libertad-de-educacion\/\" \/>\n<meta property=\"og:site_name\" content=\"e-Cristians\" \/>\n<meta property=\"article:modified_time\" content=\"2024-10-07T17:54:06+00:00\" \/>\n<meta name=\"twitter:card\" content=\"summary_large_image\" \/>\n<meta name=\"twitter:label1\" content=\"Tiempo de lectura\" \/>\n\t<meta name=\"twitter:data1\" content=\"2 minutos\" \/>\n<script type=\"application\/ld+json\" class=\"yoast-schema-graph\">{\"@context\":\"https:\/\/schema.org\",\"@graph\":[{\"@type\":\"WebPage\",\"@id\":\"https:\/\/e-cristians.cat\/es\/libertad-de-educacion\/\",\"url\":\"https:\/\/e-cristians.cat\/es\/libertad-de-educacion\/\",\"name\":\"- e-Cristians\",\"isPartOf\":{\"@id\":\"https:\/\/e-cristians.cat\/#website\"},\"datePublished\":\"2024-10-07T17:40:17+00:00\",\"dateModified\":\"2024-10-07T17:54:06+00:00\",\"inLanguage\":\"es\",\"potentialAction\":[{\"@type\":\"ReadAction\",\"target\":[\"https:\/\/e-cristians.cat\/es\/libertad-de-educacion\/\"]}]},{\"@type\":\"WebSite\",\"@id\":\"https:\/\/e-cristians.cat\/#website\",\"url\":\"https:\/\/e-cristians.cat\/\",\"name\":\"e-Cristians\",\"description\":\"\",\"potentialAction\":[{\"@type\":\"SearchAction\",\"target\":{\"@type\":\"EntryPoint\",\"urlTemplate\":\"https:\/\/e-cristians.cat\/?s={search_term_string}\"},\"query-input\":\"required name=search_term_string\"}],\"inLanguage\":\"es\"}]}<\/script>\n<!-- \/ Yoast SEO plugin. -->","yoast_head_json":{"title":"- e-Cristians","robots":{"index":"index","follow":"follow","max-snippet":"max-snippet:-1","max-image-preview":"max-image-preview:large","max-video-preview":"max-video-preview:-1"},"canonical":"https:\/\/e-cristians.cat\/es\/libertad-de-educacion\/","og_locale":"es_ES","og_type":"article","og_title":"- e-Cristians","og_description":"Campa\u00f1a de libertad de educaci\u00f3n de la Corriente Social Cristiana Si quieres adherirte a la campa\u00f1a de libertad de educaci\u00f3n de la Corriente Social Cristiana, rellena el formulario siguiente: * indica que es obligatorio Nombre Apellidos Profesi\u00f3n Entidad que representa Entidad en la que trabaja Direcci\u00f3n de correo electr\u00f3nico * Autorizo a que mi adhesi\u00f3n...","og_url":"https:\/\/e-cristians.cat\/es\/libertad-de-educacion\/","og_site_name":"e-Cristians","article_modified_time":"2024-10-07T17:54:06+00:00","twitter_card":"summary_large_image","twitter_misc":{"Tiempo de lectura":"2 minutos"},"schema":{"@context":"https:\/\/schema.org","@graph":[{"@type":"WebPage","@id":"https:\/\/e-cristians.cat\/es\/libertad-de-educacion\/","url":"https:\/\/e-cristians.cat\/es\/libertad-de-educacion\/","name":"- e-Cristians","isPartOf":{"@id":"https:\/\/e-cristians.cat\/#website"},"datePublished":"2024-10-07T17:40:17+00:00","dateModified":"2024-10-07T17:54:06+00:00","inLanguage":"es","potentialAction":[{"@type":"ReadAction","target":["https:\/\/e-cristians.cat\/es\/libertad-de-educacion\/"]}]},{"@type":"WebSite","@id":"https:\/\/e-cristians.cat\/#website","url":"https:\/\/e-cristians.cat\/","name":"e-Cristians","description":"","potentialAction":[{"@type":"SearchAction","target":{"@type":"EntryPoint","urlTemplate":"https:\/\/e-cristians.cat\/?s={search_term_string}"},"query-input":"required name=search_term_string"}],"inLanguage":"es"}]}},"jetpack_sharing_enabled":true,"_links":{"self":[{"href":"https:\/\/e-cristians.cat\/es\/wp-json\/wp\/v2\/pages\/434380"}],"collection":[{"href":"https:\/\/e-cristians.cat\/es\/wp-json\/wp\/v2\/pages"}],"about":[{"href":"https:\/\/e-cristians.cat\/es\/wp-json\/wp\/v2\/types\/page"}],"author":[{"embeddable":true,"href":"https:\/\/e-cristians.cat\/es\/wp-json\/wp\/v2\/users\/1"}],"replies":[{"embeddable":true,"href":"https:\/\/e-cristians.cat\/es\/wp-json\/wp\/v2\/comments?post=434380"}],"version-history":[{"count":5,"href":"https:\/\/e-cristians.cat\/es\/wp-json\/wp\/v2\/pages\/434380\/revisions"}],"predecessor-version":[{"id":434388,"href":"https:\/\/e-cristians.cat\/es\/wp-json\/wp\/v2\/pages\/434380\/revisions\/434388"}],"wp:attachment":[{"href":"https:\/\/e-cristians.cat\/es\/wp-json\/wp\/v2\/media?parent=434380"}],"curies":[{"name":"wp","href":"https:\/\/api.w.org\/{rel}","templated":true}]}}