{"id":439,"date":"2020-01-30T10:19:13","date_gmt":"2020-01-30T09:19:13","guid":{"rendered":"https:\/\/e-cristians.cat\/new\/politica-de-cookies\/"},"modified":"2020-05-25T13:23:44","modified_gmt":"2020-05-25T11:23:44","slug":"politica-de-cookies","status":"publish","type":"page","link":"https:\/\/e-cristians.cat\/es\/politica-de-cookies\/","title":{"rendered":"Pol\u00edtica de cookies"},"content":{"rendered":"<section class=\"l-section wpb_row height_medium\"><div class=\"l-section-h i-cf\"><div class=\"g-cols vc_row via_flex valign_top type_default stacking_default\"><div class=\"vc_col-sm-12 wpb_column vc_column_container\"><div class=\"vc_column-inner\"><div class=\"wpb_wrapper\"><div class=\"wpb_text_column\"><div class=\"wpb_wrapper\"><h1>Pol\u00edtica de cookies<\/h1>\n<p>Una\u00a0cookie\u00a0\u00e9s un fitxer que es descarrega en l&#8217;ordenador\/tel\u00e8fon intel\u00b7ligent\/tablet\u00a0en accedir a determinades p\u00e0gines web. Les cookies permeten emmagatzemar i recuperar informaci\u00f3 sobre els h\u00e0bits de navegaci\u00f3 que s&#8217;efectua des d&#8217;aquest equip. El navegador de l&#8217;usuari memoritza cookies en el disc dur solament mentre roman oberta la sessi\u00f3. Les cookies no contenen cap classe d&#8217;informaci\u00f3 personal espec\u00edfica, i la majoria s&#8217;esborra del disc dur en finalitzar la sessi\u00f3 de navegador (les denominades cookies de sessi\u00f3).<\/p>\n<p>La majoria dels navegadors accepta com a est\u00e0ndard les cookies i, amb independ\u00e8ncia d&#8217;aquestes, permet o impedeix en els ajustos de seguretat les cookies temporals o memoritzades.<\/p>\n<p>Sense el teu expr\u00e9s consentiment \u2013mitjan\u00e7ant l&#8217;activaci\u00f3 de les cookies en el seu navegador\u2013, e-Cristians no enlla\u00e7ar\u00e0 les dades memoritzades amb les teves dades personals proporcionades en el moment del registre o la compra.<\/p>\n<p>Per a con\u00e8ixer m\u00e9s informaci\u00f3 sobre les cookies, pots accedir al seg\u00fcent enlla\u00e7:\u00a0http:\/\/www.iabspain.net\/privavidadeninternet\/usuario.<\/p>\n<h2>Quins tipus de cookies utilitza aquest lloc web?<\/h2>\n<p><strong>Pr\u00f2pies:<\/strong><\/p>\n<ul>\n<li><strong>T\u00e8cniques<\/strong>:\u00a0permeten a l&#8217;usuari la navegaci\u00f3 a trav\u00e9s d&#8217;una p\u00e0gina web, plataforma o aplicaci\u00f3 i la utilitzaci\u00f3 de les diferents opcions o serveis que en ella existeixin com controlar el tr\u00e0nsit i la comunicaci\u00f3 de dades, identificar la sessi\u00f3, accedir a parts d&#8217;acc\u00e9s restringit, recordar els elements que integren una comanda, realitzar el proc\u00e9s de compra d&#8217;una comanda, realitzar la sol\u00b7licitud d&#8217;inscripci\u00f3 o participaci\u00f3 en un esdeveniment, utilitzar elements de seguretat durant la navegaci\u00f3, emmagatzemar continguts per a la difusi\u00f3 de v\u00eddeos o so o compartir continguts a trav\u00e9s de xarxes socials.<\/li>\n<\/ul>\n<p><strong>De tercers:<\/strong><\/p>\n<ul>\n<li><strong>Personalitzaci\u00f3<\/strong>:\u00a0permeten a l&#8217;usuari accedir al servei amb algunes caracter\u00edstiques de car\u00e0cter general predefinides en el terminal de l&#8217;usuari com l&#8217;idioma, el tipus de navegador, la configuraci\u00f3 regional des d&#8217;on accedeix, etc.<br \/>\nChauntry\u00a0Parkspace.<\/li>\n<li><strong>An\u00e0lisi<\/strong>:\u00a0permeten quantificar el nombre d&#8217;usuaris i aix\u00ed realitzar el mesurament i an\u00e0lisi estad\u00edstica de la utilitzaci\u00f3 que fan del servei ofert. Per a aix\u00f2 s&#8217;analitza la teva navegaci\u00f3 en el nostre lloc web amb la finalitat de millorar l&#8217;oferta de productes o serveis que t&#8217;ofrecemos.en particular, aquest lloc web utilitza Google\u00a0Analytics, un servei anal\u00edtic de web prestat per Google, Inc. amb domicili als Estats Units i seu central en 1600\u00a0AmphitheatreParkway,\u00a0Mountain\u00a0View, Calif\u00f2rnia 94043. Per a la prestaci\u00f3 d&#8217;aquests serveis, Google\u00a0Analyticsutilitza cookies que recopilen la informaci\u00f3, inclosa l&#8217;adre\u00e7a IP de l&#8217;usuari, que ser\u00e0 transmesa, tractada i emmagatzemada per Google en els termes fixats en la web www.google.com, incloent la possible transmissi\u00f3 d&#8217;aquesta informaci\u00f3 a tercers per raons d&#8217;exig\u00e8ncia legal o quan dits tercers processin la informaci\u00f3 per compte de Google.<br \/>\nGoogle\u00a0Anaylitcs.<\/li>\n<li><strong>Publicitat<\/strong>:\u00a0permeten gestionar de la forma m\u00e9s efica\u00e7 possible l&#8217;oferta dels espais publicitaris del lloc web, adequant el contingut de l&#8217;anunci al contingut del servei sol\u00b7licitat o a l&#8217;\u00fas que realitzi del nostre lloc web. Per a aix\u00f2, podem analitzar els teus h\u00e0bits de navegaci\u00f3 en Internet i mostrar-te publicitat relacionada amb el teu perfil.<br \/>\nDoubleClick.<\/li>\n<li><strong>Publicitat<\/strong>\u00a0comportamental:\u00a0S\u00f3n les que permeten la gesti\u00f3, de la forma m\u00e9s efica\u00e7 possible, dels espais publicitaris inclosos en el lloc web, aplicaci\u00f3 o plataforma des de la qual presta el servei sol\u00b7licitat. Aquestes cookies emmagatzemen informaci\u00f3 del comportament dels usuaris obtinguda a trav\u00e9s de l&#8217;observaci\u00f3 continuada dels seus h\u00e0bits de navegaci\u00f3, la qual cosa permet desenvolupar un perfil espec\u00edfic per a mostrar publicitat.<br \/>\nGoogle\u00a0Adwords.<\/li>\n<\/ul>\n<p>Amb la utilitzaci\u00f3 d&#8217;aquest lloc web, acceptes expressament el tractament de la informaci\u00f3 recaptada en la forma i amb les finalitats anteriorment esmentades. I aix\u00ed mateix reconeixes la possibilitat de rebutjar el tractament de dades i informaci\u00f3 bloquejant l&#8217;\u00fas de cookies mitjan\u00e7ant la configuraci\u00f3 apropiada en el navegador. Tingues en compte que aquesta opci\u00f3 de bloqueig de cookies pot dificultar l&#8217;\u00fas ple de totes les funcionalitats del lloc web.<\/p>\n<p>Pots permetre, bloquejar o eliminar les cookies instal\u00b7lades en el teu equip mitjan\u00e7ant la configuraci\u00f3 de les opcions del navegador instal\u00b7lat en el teu equip:<\/p>\n<ul>\n<li>Chrome:\u00a0http:\/\/support.google.com\/chrome\/bin\/answer.py?hl=es&amp;answer=95647<\/li>\n<li>Explorer:\u00a0http:\/\/windows.microsoft.com\/es-es\/windows7\/how-to-manage-cookies-in-internet-explorer-9<\/li>\n<li>Firefox:\u00a0http:\/\/support.mozilla.org\/es\/kb\/habilitar-y-deshabilitar-cookies-que-los-sitios-we<\/li>\n<li>Safari:\u00a0http:\/\/support.apple.com\/kb\/ph5042<\/li>\n<\/ul>\n<p>e-Cristians no es fa responsable del contingut de les pol\u00edtiques de privacitat dels tercers inclosos en aquesta pol\u00edtica de cookies.<\/p>\n<p>Si t\u00e9 dubtes sobre aquesta pol\u00edtica de cookies, pots contactar amb e-Cristians: secretaria@e-cristians.net<\/p>\n<div id=\"gtx-trans\" style=\"position: absolute; left: 317px; top: 2573px;\">\n<div class=\"gtx-trans-icon\"><\/div>\n<\/div>\n<\/div><\/div><\/div><\/div><\/div><\/div><\/div><\/section>\n","protected":false},"excerpt":{"rendered":"Pol\u00edtica de cookies Una\u00a0cookie\u00a0\u00e9s un fitxer que es descarrega en l&#8217;ordenador\/tel\u00e8fon intel\u00b7ligent\/tablet\u00a0en accedir a determinades p\u00e0gines web. Les cookies permeten emmagatzemar i recuperar informaci\u00f3 sobre els h\u00e0bits de navegaci\u00f3 que s&#8217;efectua des d&#8217;aquest equip. El navegador de l&#8217;usuari memoritza cookies en el disc dur solament mentre roman oberta la sessi\u00f3. Les cookies no contenen cap...","protected":false},"author":1,"featured_media":0,"parent":0,"menu_order":0,"comment_status":"closed","ping_status":"closed","template":"","meta":{"footnotes":""},"class_list":["post-439","page","type-page","status-publish","hentry"],"yoast_head":"<!-- This site is optimized with the Yoast SEO plugin v20.0 - https:\/\/yoast.com\/wordpress\/plugins\/seo\/ -->\n<title>Pol\u00edtica de cookies - e-Cristians<\/title>\n<meta name=\"robots\" content=\"noindex, nofollow\" \/>\n<meta property=\"og:locale\" content=\"es_ES\" \/>\n<meta property=\"og:type\" content=\"article\" \/>\n<meta property=\"og:title\" content=\"Pol\u00edtica de cookies - e-Cristians\" \/>\n<meta property=\"og:url\" content=\"https:\/\/e-cristians.cat\/es\/politica-de-cookies\/\" \/>\n<meta property=\"og:site_name\" content=\"e-Cristians\" \/>\n<meta property=\"article:modified_time\" content=\"2020-05-25T11:23:44+00:00\" \/>\n<meta name=\"twitter:card\" content=\"summary_large_image\" \/>\n<meta name=\"twitter:label1\" content=\"Tiempo de lectura\" \/>\n\t<meta name=\"twitter:data1\" content=\"4 minutos\" \/>\n<script type=\"application\/ld+json\" class=\"yoast-schema-graph\">{\"@context\":\"https:\/\/schema.org\",\"@graph\":[{\"@type\":\"WebPage\",\"@id\":\"https:\/\/e-cristians.cat\/es\/politica-de-cookies\/\",\"url\":\"https:\/\/e-cristians.cat\/es\/politica-de-cookies\/\",\"name\":\"Pol\u00edtica de cookies - e-Cristians\",\"isPartOf\":{\"@id\":\"https:\/\/e-cristians.cat\/#website\"},\"datePublished\":\"2020-01-30T09:19:13+00:00\",\"dateModified\":\"2020-05-25T11:23:44+00:00\",\"breadcrumb\":{\"@id\":\"https:\/\/e-cristians.cat\/es\/politica-de-cookies\/#breadcrumb\"},\"inLanguage\":\"es\",\"potentialAction\":[{\"@type\":\"ReadAction\",\"target\":[\"https:\/\/e-cristians.cat\/es\/politica-de-cookies\/\"]}]},{\"@type\":\"BreadcrumbList\",\"@id\":\"https:\/\/e-cristians.cat\/es\/politica-de-cookies\/#breadcrumb\",\"itemListElement\":[{\"@type\":\"ListItem\",\"position\":1,\"name\":\"Inici\",\"item\":\"https:\/\/e-cristians.cat\/es\/\"},{\"@type\":\"ListItem\",\"position\":2,\"name\":\"Pol\u00edtica de cookies\"}]},{\"@type\":\"WebSite\",\"@id\":\"https:\/\/e-cristians.cat\/#website\",\"url\":\"https:\/\/e-cristians.cat\/\",\"name\":\"e-Cristians\",\"description\":\"\",\"potentialAction\":[{\"@type\":\"SearchAction\",\"target\":{\"@type\":\"EntryPoint\",\"urlTemplate\":\"https:\/\/e-cristians.cat\/?s={search_term_string}\"},\"query-input\":\"required name=search_term_string\"}],\"inLanguage\":\"es\"}]}<\/script>\n<!-- \/ Yoast SEO plugin. -->","yoast_head_json":{"title":"Pol\u00edtica de cookies - e-Cristians","robots":{"index":"noindex","follow":"nofollow"},"og_locale":"es_ES","og_type":"article","og_title":"Pol\u00edtica de cookies - e-Cristians","og_url":"https:\/\/e-cristians.cat\/es\/politica-de-cookies\/","og_site_name":"e-Cristians","article_modified_time":"2020-05-25T11:23:44+00:00","twitter_card":"summary_large_image","twitter_misc":{"Tiempo de lectura":"4 minutos"},"schema":{"@context":"https:\/\/schema.org","@graph":[{"@type":"WebPage","@id":"https:\/\/e-cristians.cat\/es\/politica-de-cookies\/","url":"https:\/\/e-cristians.cat\/es\/politica-de-cookies\/","name":"Pol\u00edtica de cookies - e-Cristians","isPartOf":{"@id":"https:\/\/e-cristians.cat\/#website"},"datePublished":"2020-01-30T09:19:13+00:00","dateModified":"2020-05-25T11:23:44+00:00","breadcrumb":{"@id":"https:\/\/e-cristians.cat\/es\/politica-de-cookies\/#breadcrumb"},"inLanguage":"es","potentialAction":[{"@type":"ReadAction","target":["https:\/\/e-cristians.cat\/es\/politica-de-cookies\/"]}]},{"@type":"BreadcrumbList","@id":"https:\/\/e-cristians.cat\/es\/politica-de-cookies\/#breadcrumb","itemListElement":[{"@type":"ListItem","position":1,"name":"Inici","item":"https:\/\/e-cristians.cat\/es\/"},{"@type":"ListItem","position":2,"name":"Pol\u00edtica de cookies"}]},{"@type":"WebSite","@id":"https:\/\/e-cristians.cat\/#website","url":"https:\/\/e-cristians.cat\/","name":"e-Cristians","description":"","potentialAction":[{"@type":"SearchAction","target":{"@type":"EntryPoint","urlTemplate":"https:\/\/e-cristians.cat\/?s={search_term_string}"},"query-input":"required name=search_term_string"}],"inLanguage":"es"}]}},"jetpack_sharing_enabled":true,"_links":{"self":[{"href":"https:\/\/e-cristians.cat\/es\/wp-json\/wp\/v2\/pages\/439"}],"collection":[{"href":"https:\/\/e-cristians.cat\/es\/wp-json\/wp\/v2\/pages"}],"about":[{"href":"https:\/\/e-cristians.cat\/es\/wp-json\/wp\/v2\/types\/page"}],"author":[{"embeddable":true,"href":"https:\/\/e-cristians.cat\/es\/wp-json\/wp\/v2\/users\/1"}],"replies":[{"embeddable":true,"href":"https:\/\/e-cristians.cat\/es\/wp-json\/wp\/v2\/comments?post=439"}],"version-history":[{"count":1,"href":"https:\/\/e-cristians.cat\/es\/wp-json\/wp\/v2\/pages\/439\/revisions"}],"predecessor-version":[{"id":449,"href":"https:\/\/e-cristians.cat\/es\/wp-json\/wp\/v2\/pages\/439\/revisions\/449"}],"wp:attachment":[{"href":"https:\/\/e-cristians.cat\/es\/wp-json\/wp\/v2\/media?parent=439"}],"curies":[{"name":"wp","href":"https:\/\/api.w.org\/{rel}","templated":true}]}}