{"id":440,"date":"2020-01-30T10:19:20","date_gmt":"2020-01-30T09:19:20","guid":{"rendered":"https:\/\/e-cristians.cat\/new\/politica-de-privacitat\/"},"modified":"2021-01-13T12:18:23","modified_gmt":"2021-01-13T11:18:23","slug":"politica-de-privacidad","status":"publish","type":"page","link":"https:\/\/e-cristians.cat\/es\/politica-de-privacidad\/","title":{"rendered":"Pol\u00edtica de privacidad"},"content":{"rendered":"<section class=\"l-section wpb_row height_medium\"><div class=\"l-section-h i-cf\"><div class=\"g-cols vc_row via_flex valign_top type_default stacking_default\"><div class=\"vc_col-sm-12 wpb_column vc_column_container\"><div class=\"vc_column-inner\"><div class=\"wpb_wrapper\"><div class=\"wpb_text_column\"><div class=\"wpb_wrapper\"><div id=\"cuerpo_texto\" class=\"txtbase\">\n<h1>Pol\u00edtica de privacidad<\/h1>\n<p>La confidencialitat, el secret professional i la seguretat s\u00f3n valors primordials de L\u2019ASSOCIACI\u00d3 E-CRISTIANS, i en conseq\u00fc\u00e8ncia, assumim el comprom\u00eds de garantir la privacitat de l\u2019usuari en tot moment, i de no recaptar informaci\u00f3 innecess\u00e0ria sobre l\u2019usuari.<\/p>\n<p>De conformitat amb la normativa vigent, concretament, amb el Reglament (UE) 2016\/679 del Parlament Europeu i del Consell, de 27 d&#8217;abril de 2016, relatiu a la protecci\u00f3 de les persones f\u00edsiques pel que fa al tractament de dades personals ia la lliure circulaci\u00f3 d&#8217;aquestes dades, l\u2019informem que la utilitzaci\u00f3 de determinats serveis en la nostra p\u00e0gina web requereix que ens faciliti determinades dades personals a trav\u00e9s de formularis de registre o mitjan\u00e7ant l\u2019enviament de missatges de correu electr\u00f2nic, i que aquests seran objecte de tractament i incorporats als nostres sistemes d\u2019informaci\u00f3, com a titulars i responsables d\u2019aquests. L\u2019enviament referit de les dades personals constitueix el consentiment expr\u00e9s al tractament dels mateixos, si b\u00e9 de car\u00e0cter revocable i sense efectes retroactius.<\/p>\n<p>Tanmateix l\u2019informem que per salvaguardar la seguretat de les seves dades personals s\u2019aplicaran les mesures de seguretat t\u00e8cniques i organitzatives exigides en el Real Decret 1720\/2007 que regula el reglament de mesures de seguretat dels sistemes d\u2019informaci\u00f3 que continguin dades de car\u00e0cter personal.<\/p>\n<p><strong>\u00das de les seves dades personals<\/strong><\/p>\n<p>Les dades que li demanem s\u00f3n les adequades, pertinents i estrictament necess\u00e0ries per a la finalitat per la qual es recullen, i\u00a0<strong>en cap cas est\u00e0 obligat a facilitar-nos-les<\/strong>, per\u00f2 les dades demanades s\u00f3n d\u2019obligada resposta per poder complir amb la finalitat de la seva sol\u00b7licitud. Aix\u00ed mateix, ens certifica que totes les dades que ens facilita s\u00f3n certes, vera\u00e7os i pertinents per a la finalitat per la qual els hi demanem.<\/p>\n<p>La nostra p\u00e0gina web recull les seves dades personals mitjan\u00e7ant la recepci\u00f3 de diversos formularis i a trav\u00e9s del correu electr\u00f2nic:<\/p>\n<ul>\n<li>En l\u2019enlla\u00e7 \u201c<strong>Col\u00b7labora amb nosaltres\/Registrat<\/strong>\u201d pot facilitar-nos les seves dades personals amb la finalitat de donar-se d\u2019alta com a soci de L\u2019Associaci\u00f3 E-Cristians, participar en les nostres activitats i rebre el nostre butllet\u00ed i altra informaci\u00f3 referent a la nostra organitzaci\u00f3, fins i tot mitjan\u00e7ant el correu electr\u00f2nic facilitat, i abonar les quotes d\u2019associat. Les seves dades seran incorporades a la nostra base de dades de \u201cSocis\u201d.<\/li>\n<li>En l\u2019enlla\u00e7 \u201c<strong>Newsletter<\/strong>\u201d pot facilitar-nos les seves dades personals amb la finalitat de rebre les nostres newsletters informatives i altra informaci\u00f3 referent a les nostres opinions i activitats, fins hi tot per mitj\u00e0 del correu electr\u00f2nic que ens ha facilitat. Les seves dades seran incorporades a la nostra base de dades de \u201cSimpatitzants\u201d.<\/li>\n<li>En l\u2019enlla\u00e7 \u201c<strong>Contactar\/Contacta amb nosaltres<\/strong>\u201d pot facilitar-nos els seus comentaris amb la finalitat de sol\u00b7licitar qualsevol tipus d\u2019informaci\u00f3, suggeriment, aclariment o dubte.<\/li>\n<li>Aix\u00ed mateix, posem a disposici\u00f3 la nostra adre\u00e7a de\u00a0<strong>correu electr\u00f2nic<\/strong>, amb la finalitat que ens demani qualsevol tipus d\u2019informaci\u00f3, suggeriment, aclariment o dubte. Si vost\u00e8 inclou dades personals en el seu correu electr\u00f2nic, o la seva adre\u00e7a cont\u00e9 dades personals, ens autoritza a incorporar-los als nostres sistemes d\u2019informaci\u00f3 corresponents, si l\u2019Associaci\u00f3 E-Cristians ho considera convenient, i aquests estaran regulats per les presents pol\u00edtiques de privacitat.<\/li>\n<\/ul>\n<p>L\u2019ASSOCIACI\u00d3 E-CRISTIANS, SL es reserva el dret de decidir la incorporaci\u00f3 o no de les seves dades personals als seus sistemes d\u2019informaci\u00f3.<\/p>\n<p><strong>\u00a0<\/strong><strong>Drets d\u2019acc\u00e9s, rectificaci\u00f3, cancel\u00b7laci\u00f3 de les seves dades personals<\/strong><\/p>\n<p><strong>\u00a0<\/strong>En qualsevol moment pot exercir els seus drets d\u2019acc\u00e9s, rectificaci\u00f3, oposici\u00f3, limitaci\u00f3 del tractament i portabilitat, en els termes establerts legalment, articles 15 a 23 del RGPD, es podr\u00e0 dirigir a la seg\u00fcent adre\u00e7a: ASSOCIACI\u00d3 E-CRISTIANS, calle Casanova 175 (08036) en Barcelona (Parr\u00f2quia Ntra. Sra. del Pilar), adjuntat c\u00f2pia del seu DNI.<\/p>\n<p>Tamb\u00e9 pots sol\u00b7licitar la baixa o la modificaci\u00f3 de les teves dades enviant un correu electr\u00f2nic a\u00a0secretaria@e-cristians.net.<\/p>\n<p>Considerem que si no cancel\u00b7la les seves dades personals expressament del nostre sistema d\u2019informaci\u00f3, continua interessat en seguir incorporat al mateix fins que l\u2019Associaci\u00f3 E-Cristians ho consideri oport\u00fa i mentre sigui adequat a la finalitat per la que es van obtenir.<\/p>\n<p><strong>Comunicacions de dades<\/strong><\/p>\n<p>L\u2019ASSOCIACI\u00d3 E-CRISTIANS l\u2019informa que les seves dades s\u00f3n tractades confidencialment i s\u00f3n utilitzats exclusivament de manera interna i per a les finalitats indicades. Per tant, no cedim ni comuniquem a cap tercer les teves dades, excepte en els casos legalment previstos.<\/p>\n<p>L\u2019USUARI abans d\u2019utilitzar l\u2019opci\u00f3 \u201cEnviar a un amic\u201d ha de disposar de la pertinent autoritzaci\u00f3 del destinatari, a efectes que aquest autoritzi la cessi\u00f3 de dades a l\u2019Associaci\u00f3 E-Cristians, amb la finalitat de remetre-li els articles, recomanacions, o qualsevol altre opci\u00f3 que posem a disposici\u00f3.<\/p>\n<p><strong>\u00a0<\/strong><strong>Seguretat de les seves dades personals<\/strong><\/p>\n<p>Amb l\u2019objectiu de salvaguardar la seguretat de les seves dades personals, li informem que L\u2019ASSOCIACI\u00d3 E-CRISTIANS ha adoptat totes les mesures d\u2019\u00edndole t\u00e8cnica i organitzativa necess\u00e0ries per garantir la seguretat de les dades personals subministrades de la seva alteraci\u00f3, p\u00e8rdua, i tractaments o accessos no autoritzats, tal com exigeix el Reial Decret 1720\/2007 que regula el reglament de mesures de seguretat dels sistemes d\u2019informaci\u00f3 que continguin dades de car\u00e0cter personal.<\/p>\n<p><strong>\u00a0<\/strong><strong>Actualitzaci\u00f3 de les seves dades<\/strong><\/p>\n<p><strong>\u00a0<\/strong>\u00c9s important que perqu\u00e8 puguem mantenir les seves dades personals actualitzades, ens informi sempre que hi hagi hagut alguna modificaci\u00f3 en elles, en cas contrari, no responem de la veracitat d\u2019aquestes.<\/p>\n<p><strong>Cookies<\/strong><\/p>\n<p>Aquesta p\u00e0gina Web pot utilitzar cookies per tal de facilitar la navegaci\u00f3 a la nostra web, i en conseq\u00fc\u00e8ncia l\u2019usuari accepta l\u2019\u00fas de les mateixes. Les cookies permeten recollir dades a efectes estad\u00edstics: data de la primera visita, nombre de vegades que s\u2019ha visitat, data de la darrera visita, URL i domini de la que prov\u00e9, explorador utilitzat i resoluci\u00f3 de la pantalla. No obstant, l\u2019usuari si ho desitja pot desactivar i\/o eliminar aquestes cookies seguin les instruccions del seu navegador d\u2019internet. En cap cas, les cookies proporcionen dades personals de l\u2019usuari.<\/p>\n<p><strong>Comunicacions comercials per correu electr\u00f2nic<\/strong><\/p>\n<p><strong>\u00a0<\/strong>Tenint en compte que el principal mitj\u00e0 de comunicaci\u00f3 entre L\u2019ASSOCIACI\u00d3 E-CRISTIANS i l\u2019USUARI \u00e9s per mitj\u00e0 de l\u2019adre\u00e7a de correu electr\u00f2nic facilitada, l\u2019informem que utilitzarem aquest mitj\u00e0 per a totes les comunicacions amb els USUARIS, incloses les informacions comercials o notes informatives relacionades amb la finalitat del nostre portal, i en conseq\u00fc\u00e8ncia, en compliment de l\u2019article\u00a0<strong>21 de la Llei de Serveis de la Societat de la Informaci\u00f3 i Comer\u00e7 electr\u00f2nic<\/strong>, que prohibeix l\u2019enviament de comunicacions comercials a trav\u00e9s del\u00a0<strong>correu electr\u00f2nic<\/strong>\u00a0que pr\u00e8viament no hagin estat autoritzades expressament per els destinataris, l\u2019informem que l\u2019acceptaci\u00f3 de les presents condicions d\u2019\u00fas, implica la\u00a0<strong>seva autoritzaci\u00f3 expressament per a remetre els nostres enviaments comercials, publicitaris i promocionals<\/strong>. No obstant aix\u00f2, si vost\u00e8 no desitja rebre les nostres comunicacions comercials per correu electr\u00f2nic pot oposar-se a les mateixes a l\u2019adre\u00e7a dalt indicada, o en cada enviament que li remetem.<\/p>\n<p>L\u2019ASSOCIACI\u00d3 E-CRISTIANS, no es fa responsable de la pol\u00edtica de privacitat respecte a les dades personals que pugui facilitar a tercers per mitj\u00e0 dels enlla\u00e7os disponibles a la nostra p\u00e0gina web.<\/p>\n<p>L\u2019ASSOCIACI\u00d3 E-CRISTIANS, pot modificar les presents pol\u00edtiques de privacitat per adaptar-les a les modificacions que es produeixi en la nostra web, aix\u00ed com modificacions legislatives o jurisprudencials sobre dades personals que vagin apareixent, per la qual cosa exigeix la seva lectura, cada vegada que ens faciliti les seves dades a trav\u00e9s d\u2019aquest web.<\/p>\n<\/div>\n<div id=\"gtx-trans\" style=\"position: absolute; left: 152px; top: 1796px;\">\n<div class=\"gtx-trans-icon\"><\/div>\n<\/div>\n<\/div><\/div><\/div><\/div><\/div><\/div><\/div><\/section>\n","protected":false},"excerpt":{"rendered":"Pol\u00edtica de privacidad La confidencialitat, el secret professional i la seguretat s\u00f3n valors primordials de L\u2019ASSOCIACI\u00d3 E-CRISTIANS, i en conseq\u00fc\u00e8ncia, assumim el comprom\u00eds de garantir la privacitat de l\u2019usuari en tot moment, i de no recaptar informaci\u00f3 innecess\u00e0ria sobre l\u2019usuari. De conformitat amb la normativa vigent, concretament, amb el Reglament (UE) 2016\/679 del Parlament Europeu...","protected":false},"author":1,"featured_media":0,"parent":0,"menu_order":0,"comment_status":"closed","ping_status":"closed","template":"","meta":{"footnotes":""},"class_list":["post-440","page","type-page","status-publish","hentry"],"yoast_head":"<!-- This site is optimized with the Yoast SEO plugin v20.0 - https:\/\/yoast.com\/wordpress\/plugins\/seo\/ -->\n<title>Pol\u00edtica de privacidad - e-Cristians<\/title>\n<meta name=\"robots\" content=\"noindex, nofollow\" \/>\n<meta property=\"og:locale\" content=\"es_ES\" \/>\n<meta property=\"og:type\" content=\"article\" \/>\n<meta property=\"og:title\" content=\"Pol\u00edtica de privacidad - e-Cristians\" \/>\n<meta property=\"og:url\" content=\"https:\/\/e-cristians.cat\/es\/politica-de-privacidad\/\" \/>\n<meta property=\"og:site_name\" content=\"e-Cristians\" \/>\n<meta property=\"article:modified_time\" content=\"2021-01-13T11:18:23+00:00\" \/>\n<meta name=\"twitter:card\" content=\"summary_large_image\" \/>\n<meta name=\"twitter:label1\" content=\"Tiempo de lectura\" \/>\n\t<meta name=\"twitter:data1\" content=\"7 minutos\" \/>\n<script type=\"application\/ld+json\" class=\"yoast-schema-graph\">{\"@context\":\"https:\/\/schema.org\",\"@graph\":[{\"@type\":\"WebPage\",\"@id\":\"https:\/\/e-cristians.cat\/es\/politica-de-privacidad\/\",\"url\":\"https:\/\/e-cristians.cat\/es\/politica-de-privacidad\/\",\"name\":\"Pol\u00edtica de privacidad - e-Cristians\",\"isPartOf\":{\"@id\":\"https:\/\/e-cristians.cat\/#website\"},\"datePublished\":\"2020-01-30T09:19:20+00:00\",\"dateModified\":\"2021-01-13T11:18:23+00:00\",\"breadcrumb\":{\"@id\":\"https:\/\/e-cristians.cat\/es\/politica-de-privacidad\/#breadcrumb\"},\"inLanguage\":\"es\",\"potentialAction\":[{\"@type\":\"ReadAction\",\"target\":[\"https:\/\/e-cristians.cat\/es\/politica-de-privacidad\/\"]}]},{\"@type\":\"BreadcrumbList\",\"@id\":\"https:\/\/e-cristians.cat\/es\/politica-de-privacidad\/#breadcrumb\",\"itemListElement\":[{\"@type\":\"ListItem\",\"position\":1,\"name\":\"Inici\",\"item\":\"https:\/\/e-cristians.cat\/es\/\"},{\"@type\":\"ListItem\",\"position\":2,\"name\":\"Pol\u00edtica de privacidad\"}]},{\"@type\":\"WebSite\",\"@id\":\"https:\/\/e-cristians.cat\/#website\",\"url\":\"https:\/\/e-cristians.cat\/\",\"name\":\"e-Cristians\",\"description\":\"\",\"potentialAction\":[{\"@type\":\"SearchAction\",\"target\":{\"@type\":\"EntryPoint\",\"urlTemplate\":\"https:\/\/e-cristians.cat\/?s={search_term_string}\"},\"query-input\":\"required name=search_term_string\"}],\"inLanguage\":\"es\"}]}<\/script>\n<!-- \/ Yoast SEO plugin. -->","yoast_head_json":{"title":"Pol\u00edtica de privacidad - e-Cristians","robots":{"index":"noindex","follow":"nofollow"},"og_locale":"es_ES","og_type":"article","og_title":"Pol\u00edtica de privacidad - e-Cristians","og_url":"https:\/\/e-cristians.cat\/es\/politica-de-privacidad\/","og_site_name":"e-Cristians","article_modified_time":"2021-01-13T11:18:23+00:00","twitter_card":"summary_large_image","twitter_misc":{"Tiempo de lectura":"7 minutos"},"schema":{"@context":"https:\/\/schema.org","@graph":[{"@type":"WebPage","@id":"https:\/\/e-cristians.cat\/es\/politica-de-privacidad\/","url":"https:\/\/e-cristians.cat\/es\/politica-de-privacidad\/","name":"Pol\u00edtica de privacidad - e-Cristians","isPartOf":{"@id":"https:\/\/e-cristians.cat\/#website"},"datePublished":"2020-01-30T09:19:20+00:00","dateModified":"2021-01-13T11:18:23+00:00","breadcrumb":{"@id":"https:\/\/e-cristians.cat\/es\/politica-de-privacidad\/#breadcrumb"},"inLanguage":"es","potentialAction":[{"@type":"ReadAction","target":["https:\/\/e-cristians.cat\/es\/politica-de-privacidad\/"]}]},{"@type":"BreadcrumbList","@id":"https:\/\/e-cristians.cat\/es\/politica-de-privacidad\/#breadcrumb","itemListElement":[{"@type":"ListItem","position":1,"name":"Inici","item":"https:\/\/e-cristians.cat\/es\/"},{"@type":"ListItem","position":2,"name":"Pol\u00edtica de privacidad"}]},{"@type":"WebSite","@id":"https:\/\/e-cristians.cat\/#website","url":"https:\/\/e-cristians.cat\/","name":"e-Cristians","description":"","potentialAction":[{"@type":"SearchAction","target":{"@type":"EntryPoint","urlTemplate":"https:\/\/e-cristians.cat\/?s={search_term_string}"},"query-input":"required name=search_term_string"}],"inLanguage":"es"}]}},"jetpack_sharing_enabled":true,"_links":{"self":[{"href":"https:\/\/e-cristians.cat\/es\/wp-json\/wp\/v2\/pages\/440"}],"collection":[{"href":"https:\/\/e-cristians.cat\/es\/wp-json\/wp\/v2\/pages"}],"about":[{"href":"https:\/\/e-cristians.cat\/es\/wp-json\/wp\/v2\/types\/page"}],"author":[{"embeddable":true,"href":"https:\/\/e-cristians.cat\/es\/wp-json\/wp\/v2\/users\/1"}],"replies":[{"embeddable":true,"href":"https:\/\/e-cristians.cat\/es\/wp-json\/wp\/v2\/comments?post=440"}],"version-history":[{"count":3,"href":"https:\/\/e-cristians.cat\/es\/wp-json\/wp\/v2\/pages\/440\/revisions"}],"predecessor-version":[{"id":2480,"href":"https:\/\/e-cristians.cat\/es\/wp-json\/wp\/v2\/pages\/440\/revisions\/2480"}],"wp:attachment":[{"href":"https:\/\/e-cristians.cat\/es\/wp-json\/wp\/v2\/media?parent=440"}],"curies":[{"name":"wp","href":"https:\/\/api.w.org\/{rel}","templated":true}]}}