{"id":441,"date":"2020-03-12T17:54:08","date_gmt":"2020-03-12T16:54:08","guid":{"rendered":"https:\/\/e-cristians.cat\/new\/stop-porno\/"},"modified":"2021-01-15T20:40:59","modified_gmt":"2021-01-15T19:40:59","slug":"stop-porno","status":"publish","type":"page","link":"https:\/\/e-cristians.cat\/es\/stop-porno\/","title":{"rendered":"Stop porno"},"content":{"rendered":"<section class=\"l-section wpb_row height_medium\"><div class=\"l-section-h i-cf\"><div class=\"g-cols vc_row via_flex valign_top type_default stacking_default\"><div class=\"vc_col-sm-12 wpb_column vc_column_container\"><div class=\"vc_column-inner\"><div class=\"wpb_wrapper\"><div class=\"wpb_text_column\"><div class=\"wpb_wrapper\"><h1>Stop porno<\/h1>\n<\/div><\/div><div class=\"w-separator size_medium\"><\/div><div class=\"w-grid type_grid layout_631 cols_3 with_pagination overflow_hidden\" id=\"us_grid_1\" data-filterable=\"true\"><style>#us_grid_1 .w-grid-item{padding:1.5rem}#us_grid_1 .w-grid-list{margin:-1.5rem -1.5rem 1.5rem}.w-grid + #us_grid_1 .w-grid-list,.w-grid-none + #us_grid_1 .w-grid-list{margin-top:1.5rem}@media (max-width:899px){#us_grid_1 .w-grid-item{width:50%}}@media (max-width:599px){#us_grid_1 .w-grid-list{margin:0}#us_grid_1 .w-grid-item{width:100%;padding:0;margin-bottom:1.5rem}}.layout_631 .w-grid-item-h{background:#fff;border-radius:0.3rem;box-shadow:0 0.03rem 0.06rem rgba(0,0,0,0.1),0 0.1rem 0.3rem rgba(0,0,0,0.1);transition-duration:0.3s}.no-touch .layout_631 .w-grid-item-h:hover{box-shadow:0 0.1rem 0.2rem rgba(0,0,0,0.1),0 0.33rem 1rem rgba(0,0,0,0.15);z-index:4}.layout_631 .usg_post_title_1{font-family:var(--font-body)!important;font-size:1.2rem!important;font-weight:700!important}.layout_631 .usg_vwrapper_1{padding:9% 11% 11% 11%!important}.layout_631 .usg_hwrapper_1{color:#999!important}.layout_631 .usg_post_date_1{font-family:var(--font-body)!important;font-size:0.9rem!important}<\/style><div class=\"w-grid-list\">\t<article class=\"w-grid-item size_1x1 post-2822 post type-post status-publish format-standard has-post-thumbnail hentry category-campanyes-es category-stop-porno-es tag-pornografia-es tag-prostitucion\" data-id=\"2822\">\r\n\t\t<div class=\"w-grid-item-h\">\r\n\t\t\t\t\t\t<div class=\"w-post-elm post_image usg_post_image_1 imagen_cluster stretched\"><a href=\"https:\/\/e-cristians.cat\/es\/resolucion-del-parlamento-europeo-sobre-pornografia-y-prostitucion\/\" aria-label=\"Resoluci\u00f3n del Parlamento Europeo sobre pornograf\u00eda y prostituci\u00f3n\"><img decoding=\"async\" width=\"624\" height=\"381\" data-src=\"https:\/\/e-cristians.cat\/wp-content\/uploads\/2021\/01\/parlamento-europeo-klTG-U80272706201qlH-624x385@El-Correo.jpg\" class=\"attachment-large size-large wp-post-image lazyload\" alt=\"\" data-srcset=\"https:\/\/e-cristians.cat\/wp-content\/uploads\/2021\/01\/parlamento-europeo-klTG-U80272706201qlH-624x385@El-Correo.jpg 624w, https:\/\/e-cristians.cat\/wp-content\/uploads\/2021\/01\/parlamento-europeo-klTG-U80272706201qlH-624x385@El-Correo-600x366.jpg 600w, https:\/\/e-cristians.cat\/wp-content\/uploads\/2021\/01\/parlamento-europeo-klTG-U80272706201qlH-624x385@El-Correo-300x183.jpg 300w, https:\/\/e-cristians.cat\/wp-content\/uploads\/2021\/01\/parlamento-europeo-klTG-U80272706201qlH-624x385@El-Correo-150x92.jpg 150w\" data-sizes=\"(max-width: 624px) 100vw, 624px\" src=\"data:image\/svg+xml;base64,PHN2ZyB3aWR0aD0iMSIgaGVpZ2h0PSIxIiB4bWxucz0iaHR0cDovL3d3dy53My5vcmcvMjAwMC9zdmciPjwvc3ZnPg==\" style=\"--smush-placeholder-width: 624px; --smush-placeholder-aspect-ratio: 624\/381;\" \/><\/a><\/div><div class=\"w-vwrapper usg_vwrapper_1 align_left valign_top\"><h2 class=\"w-post-elm post_title usg_post_title_1 entry-title color_link_inherit\"><a href=\"https:\/\/e-cristians.cat\/es\/resolucion-del-parlamento-europeo-sobre-pornografia-y-prostitucion\/\">Resoluci\u00f3n del Parlamento Europeo sobre pornograf\u00eda y prostituci\u00f3n<\/a><\/h2><div class=\"w-hwrapper usg_hwrapper_1 align_left valign_top wrap\"><time class=\"w-post-elm post_date usg_post_date_1 entry-date published\" datetime=\"2021-02-05T11:10:28+01:00\"><i class=\"far fa-clock\"><\/i>5 de febrero de 2021<\/time><\/div><\/div>\t\t<\/div>\r\n\t<\/article>\r\n\t<article class=\"w-grid-item post-545 post type-post status-publish format-standard has-post-thumbnail hentry category-stop-porno-es tag-pornografia-es\" data-id=\"545\">\r\n\t\t<div class=\"w-grid-item-h\">\r\n\t\t\t\t\t\t<div class=\"w-post-elm post_image usg_post_image_1 imagen_cluster stretched\"><a href=\"https:\/\/e-cristians.cat\/es\/post-sobre-la-pornografia-ayudanos-a-difundirlo\/\" aria-label=\"Post sobre la pornograf\u00eda. \u00a1\u00a1\u00a1Ay\u00fadanos a difundirlo!!!\"><img decoding=\"async\" width=\"940\" height=\"788\" data-src=\"https:\/\/e-cristians.cat\/wp-content\/uploads\/2020\/05\/2a-campanya_Porno_ESP.png\" class=\"attachment-large size-large wp-post-image lazyload\" alt=\"\" data-srcset=\"https:\/\/e-cristians.cat\/wp-content\/uploads\/2020\/05\/2a-campanya_Porno_ESP.png 940w, https:\/\/e-cristians.cat\/wp-content\/uploads\/2020\/05\/2a-campanya_Porno_ESP-600x503.png 600w, https:\/\/e-cristians.cat\/wp-content\/uploads\/2020\/05\/2a-campanya_Porno_ESP-300x251.png 300w\" data-sizes=\"(max-width: 940px) 100vw, 940px\" src=\"data:image\/svg+xml;base64,PHN2ZyB3aWR0aD0iMSIgaGVpZ2h0PSIxIiB4bWxucz0iaHR0cDovL3d3dy53My5vcmcvMjAwMC9zdmciPjwvc3ZnPg==\" style=\"--smush-placeholder-width: 940px; --smush-placeholder-aspect-ratio: 940\/788;\" \/><\/a><\/div><div class=\"w-vwrapper usg_vwrapper_1 align_left valign_top\"><h2 class=\"w-post-elm post_title usg_post_title_1 entry-title color_link_inherit\"><a href=\"https:\/\/e-cristians.cat\/es\/post-sobre-la-pornografia-ayudanos-a-difundirlo\/\">Post sobre la pornograf\u00eda. \u00a1\u00a1\u00a1Ay\u00fadanos a difundirlo!!!<\/a><\/h2><div class=\"w-hwrapper usg_hwrapper_1 align_left valign_top wrap\"><time class=\"w-post-elm post_date usg_post_date_1 entry-date published\" datetime=\"2020-05-28T13:19:52+02:00\"><i class=\"far fa-clock\"><\/i>28 de mayo de 2020<\/time><\/div><\/div>\t\t<\/div>\r\n\t<\/article>\r\n<\/div><div class=\"w-grid-preloader\"><div class=\"g-preloader type_1\">\r\n\t<div><\/div>\r\n<\/div>\r\n<\/div>\t<div class=\"w-grid-json hidden\" onclick='return {&quot;action&quot;:&quot;us_ajax_grid&quot;,&quot;ajax_url&quot;:&quot;https:\\\/\\\/e-cristians.cat\\\/wp-admin\\\/admin-ajax.php&quot;,&quot;infinite_scroll&quot;:0,&quot;max_num_pages&quot;:1,&quot;pagination&quot;:&quot;regular&quot;,&quot;permalink_url&quot;:&quot;https:\\\/\\\/e-cristians.cat\\\/es\\\/wp-json\\\/wp\\\/v2\\\/pages\\\/441\\\/&quot;,&quot;template_vars&quot;:{&quot;columns&quot;:&quot;3&quot;,&quot;exclude_items&quot;:&quot;none&quot;,&quot;img_size&quot;:&quot;default&quot;,&quot;ignore_items_size&quot;:false,&quot;items_layout&quot;:&quot;631&quot;,&quot;items_offset&quot;:&quot;1&quot;,&quot;load_animation&quot;:&quot;none&quot;,&quot;overriding_link&quot;:&quot;none&quot;,&quot;post_id&quot;:441,&quot;query_args&quot;:{&quot;post_type&quot;:[&quot;post&quot;],&quot;tax_query&quot;:[{&quot;taxonomy&quot;:&quot;category&quot;,&quot;field&quot;:&quot;slug&quot;,&quot;terms&quot;:[&quot;stop-porno-es&quot;]}],&quot;post_status&quot;:[&quot;publish&quot;,&quot;cf7pp-pending&quot;,&quot;cf7pp-completed&quot;,&quot;cf7pp-failed&quot;,&quot;cf7pp-abandoned&quot;],&quot;posts_per_page&quot;:&quot;30&quot;},&quot;orderby_query_args&quot;:{&quot;orderby&quot;:{&quot;date&quot;:&quot;DESC&quot;}},&quot;type&quot;:&quot;grid&quot;,&quot;us_grid_ajax_index&quot;:1,&quot;us_grid_filter_params&quot;:null,&quot;us_grid_index&quot;:1,&quot;_us_grid_post_type&quot;:&quot;post&quot;,&quot;lang&quot;:&quot;es&quot;}}'><\/div>\r\n\t<\/div><\/div><\/div><\/div><\/div><\/div><\/section>\n","protected":false},"excerpt":{"rendered":"Te adjuntamos un nuevo post de la campa\u00f1a de e-Cristians, que como ya te informamos est\u00e1 dirigida a dar a conocer nuestra asociaci\u00f3n, nuestras iniciativas, y tambi\u00e9n a fortalecer nuestra base de socios para poder llevar a cabo m\u00e1s acciones . El\u00a0segundo\u00a0post es sobre el grav\u00edsimo\u00a0problema social que representa la pornograf\u00eda\u00a0y que est\u00e1 teniendo consecuencias...","protected":false},"author":1,"featured_media":0,"parent":0,"menu_order":0,"comment_status":"closed","ping_status":"closed","template":"","meta":{"footnotes":""},"class_list":["post-441","page","type-page","status-publish","hentry"],"yoast_head":"<!-- This site is optimized with the Yoast SEO plugin v20.0 - https:\/\/yoast.com\/wordpress\/plugins\/seo\/ -->\n<title>Stop porno - e-Cristians<\/title>\n<meta name=\"robots\" content=\"noindex, nofollow\" \/>\n<meta property=\"og:locale\" content=\"es_ES\" \/>\n<meta property=\"og:type\" content=\"article\" \/>\n<meta property=\"og:title\" content=\"Stop porno - e-Cristians\" \/>\n<meta property=\"og:url\" content=\"https:\/\/e-cristians.cat\/es\/stop-porno\/\" \/>\n<meta property=\"og:site_name\" content=\"e-Cristians\" \/>\n<meta property=\"article:modified_time\" content=\"2021-01-15T19:40:59+00:00\" \/>\n<meta name=\"twitter:card\" content=\"summary_large_image\" \/>\n<script type=\"application\/ld+json\" class=\"yoast-schema-graph\">{\"@context\":\"https:\/\/schema.org\",\"@graph\":[{\"@type\":\"WebPage\",\"@id\":\"https:\/\/e-cristians.cat\/es\/stop-porno\/\",\"url\":\"https:\/\/e-cristians.cat\/es\/stop-porno\/\",\"name\":\"Stop porno - e-Cristians\",\"isPartOf\":{\"@id\":\"https:\/\/e-cristians.cat\/#website\"},\"datePublished\":\"2020-03-12T16:54:08+00:00\",\"dateModified\":\"2021-01-15T19:40:59+00:00\",\"breadcrumb\":{\"@id\":\"https:\/\/e-cristians.cat\/es\/stop-porno\/#breadcrumb\"},\"inLanguage\":\"es\",\"potentialAction\":[{\"@type\":\"ReadAction\",\"target\":[\"https:\/\/e-cristians.cat\/es\/stop-porno\/\"]}]},{\"@type\":\"BreadcrumbList\",\"@id\":\"https:\/\/e-cristians.cat\/es\/stop-porno\/#breadcrumb\",\"itemListElement\":[{\"@type\":\"ListItem\",\"position\":1,\"name\":\"Inici\",\"item\":\"https:\/\/e-cristians.cat\/es\/\"},{\"@type\":\"ListItem\",\"position\":2,\"name\":\"Stop porno\"}]},{\"@type\":\"WebSite\",\"@id\":\"https:\/\/e-cristians.cat\/#website\",\"url\":\"https:\/\/e-cristians.cat\/\",\"name\":\"e-Cristians\",\"description\":\"\",\"potentialAction\":[{\"@type\":\"SearchAction\",\"target\":{\"@type\":\"EntryPoint\",\"urlTemplate\":\"https:\/\/e-cristians.cat\/?s={search_term_string}\"},\"query-input\":\"required name=search_term_string\"}],\"inLanguage\":\"es\"}]}<\/script>\n<!-- \/ Yoast SEO plugin. -->","yoast_head_json":{"title":"Stop porno - e-Cristians","robots":{"index":"noindex","follow":"nofollow"},"og_locale":"es_ES","og_type":"article","og_title":"Stop porno - e-Cristians","og_url":"https:\/\/e-cristians.cat\/es\/stop-porno\/","og_site_name":"e-Cristians","article_modified_time":"2021-01-15T19:40:59+00:00","twitter_card":"summary_large_image","schema":{"@context":"https:\/\/schema.org","@graph":[{"@type":"WebPage","@id":"https:\/\/e-cristians.cat\/es\/stop-porno\/","url":"https:\/\/e-cristians.cat\/es\/stop-porno\/","name":"Stop porno - e-Cristians","isPartOf":{"@id":"https:\/\/e-cristians.cat\/#website"},"datePublished":"2020-03-12T16:54:08+00:00","dateModified":"2021-01-15T19:40:59+00:00","breadcrumb":{"@id":"https:\/\/e-cristians.cat\/es\/stop-porno\/#breadcrumb"},"inLanguage":"es","potentialAction":[{"@type":"ReadAction","target":["https:\/\/e-cristians.cat\/es\/stop-porno\/"]}]},{"@type":"BreadcrumbList","@id":"https:\/\/e-cristians.cat\/es\/stop-porno\/#breadcrumb","itemListElement":[{"@type":"ListItem","position":1,"name":"Inici","item":"https:\/\/e-cristians.cat\/es\/"},{"@type":"ListItem","position":2,"name":"Stop porno"}]},{"@type":"WebSite","@id":"https:\/\/e-cristians.cat\/#website","url":"https:\/\/e-cristians.cat\/","name":"e-Cristians","description":"","potentialAction":[{"@type":"SearchAction","target":{"@type":"EntryPoint","urlTemplate":"https:\/\/e-cristians.cat\/?s={search_term_string}"},"query-input":"required name=search_term_string"}],"inLanguage":"es"}]}},"jetpack_sharing_enabled":true,"_links":{"self":[{"href":"https:\/\/e-cristians.cat\/es\/wp-json\/wp\/v2\/pages\/441"}],"collection":[{"href":"https:\/\/e-cristians.cat\/es\/wp-json\/wp\/v2\/pages"}],"about":[{"href":"https:\/\/e-cristians.cat\/es\/wp-json\/wp\/v2\/types\/page"}],"author":[{"embeddable":true,"href":"https:\/\/e-cristians.cat\/es\/wp-json\/wp\/v2\/users\/1"}],"replies":[{"embeddable":true,"href":"https:\/\/e-cristians.cat\/es\/wp-json\/wp\/v2\/comments?post=441"}],"version-history":[{"count":2,"href":"https:\/\/e-cristians.cat\/es\/wp-json\/wp\/v2\/pages\/441\/revisions"}],"predecessor-version":[{"id":644,"href":"https:\/\/e-cristians.cat\/es\/wp-json\/wp\/v2\/pages\/441\/revisions\/644"}],"wp:attachment":[{"href":"https:\/\/e-cristians.cat\/es\/wp-json\/wp\/v2\/media?parent=441"}],"curies":[{"name":"wp","href":"https:\/\/api.w.org\/{rel}","templated":true}]}}