{"id":442,"date":"2020-03-18T14:26:15","date_gmt":"2020-03-18T13:26:15","guid":{"rendered":"https:\/\/e-cristians.cat\/new\/turisme-religios\/"},"modified":"2021-01-15T20:40:59","modified_gmt":"2021-01-15T19:40:59","slug":"turismo-religioso","status":"publish","type":"page","link":"https:\/\/e-cristians.cat\/es\/turismo-religioso\/","title":{"rendered":"Turismo religioso"},"content":{"rendered":"<section class=\"l-section wpb_row height_medium\"><div class=\"l-section-h i-cf\"><div class=\"g-cols vc_row via_flex valign_top type_default stacking_default\"><div class=\"vc_col-sm-12 wpb_column vc_column_container\"><div class=\"vc_column-inner\"><div class=\"wpb_wrapper\"><div class=\"wpb_text_column\"><div class=\"wpb_wrapper\"><h1>Turismo religioso<\/h1>\n<\/div><\/div><div class=\"w-separator size_medium\"><\/div><div class=\"w-grid type_grid layout_631 cols_3 with_pagination overflow_hidden\" id=\"us_grid_1\" data-filterable=\"true\"><style>#us_grid_1 .w-grid-item{padding:1.5rem}#us_grid_1 .w-grid-list{margin:-1.5rem -1.5rem 1.5rem}.w-grid + #us_grid_1 .w-grid-list,.w-grid-none + #us_grid_1 .w-grid-list{margin-top:1.5rem}@media (max-width:899px){#us_grid_1 .w-grid-item{width:50%}}@media (max-width:599px){#us_grid_1 .w-grid-list{margin:0}#us_grid_1 .w-grid-item{width:100%;padding:0;margin-bottom:1.5rem}}.layout_631 .w-grid-item-h{background:#fff;border-radius:0.3rem;box-shadow:0 0.03rem 0.06rem rgba(0,0,0,0.1),0 0.1rem 0.3rem rgba(0,0,0,0.1);transition-duration:0.3s}.no-touch .layout_631 .w-grid-item-h:hover{box-shadow:0 0.1rem 0.2rem rgba(0,0,0,0.1),0 0.33rem 1rem rgba(0,0,0,0.15);z-index:4}.layout_631 .usg_post_title_1{font-family:var(--font-body)!important;font-size:1.2rem!important;font-weight:700!important}.layout_631 .usg_vwrapper_1{padding:9% 11% 11% 11%!important}.layout_631 .usg_hwrapper_1{color:#999!important}.layout_631 .usg_post_date_1{font-family:var(--font-body)!important;font-size:0.9rem!important}<\/style><div class=\"w-grid-list\">\t<article class=\"w-grid-item post-933 post type-post status-publish format-standard has-post-thumbnail hentry category-turisme-religios-es tag-turismo-religioso\" data-id=\"933\">\r\n\t\t<div class=\"w-grid-item-h\">\r\n\t\t\t\t\t\t<div class=\"w-post-elm post_image usg_post_image_1 imagen_cluster stretched\"><a href=\"https:\/\/e-cristians.cat\/es\/basilica-de-la-purisima-concepcion-y-asuncion-de-nuestra-senora-barcelona\/\" aria-label=\"Bas\u00edlica de la Pur\u00edsima Concepci\u00f3n y Asunci\u00f3n de Nuestra Se\u00f1ora (Barcelona)\"><img decoding=\"async\" width=\"1024\" height=\"768\" data-src=\"https:\/\/e-cristians.cat\/wp-content\/uploads\/2020\/07\/Turisme-religi\u00f3s_Bas\u00edlica-Concepci\u00f3-1-1024x768.jpg\" class=\"attachment-large size-large wp-post-image lazyload\" alt=\"Turismo religioso_Bas\u00edlica Concepci\u00f3n\" data-srcset=\"https:\/\/e-cristians.cat\/wp-content\/uploads\/2020\/07\/Turisme-religi\u00f3s_Bas\u00edlica-Concepci\u00f3-1-1024x768.jpg 1024w, https:\/\/e-cristians.cat\/wp-content\/uploads\/2020\/07\/Turisme-religi\u00f3s_Bas\u00edlica-Concepci\u00f3-1-600x450.jpg 600w, https:\/\/e-cristians.cat\/wp-content\/uploads\/2020\/07\/Turisme-religi\u00f3s_Bas\u00edlica-Concepci\u00f3-1-300x225.jpg 300w, https:\/\/e-cristians.cat\/wp-content\/uploads\/2020\/07\/Turisme-religi\u00f3s_Bas\u00edlica-Concepci\u00f3-1.jpg 1229w\" data-sizes=\"(max-width: 1024px) 100vw, 1024px\" src=\"data:image\/svg+xml;base64,PHN2ZyB3aWR0aD0iMSIgaGVpZ2h0PSIxIiB4bWxucz0iaHR0cDovL3d3dy53My5vcmcvMjAwMC9zdmciPjwvc3ZnPg==\" style=\"--smush-placeholder-width: 1024px; --smush-placeholder-aspect-ratio: 1024\/768;\" \/><\/a><\/div><div class=\"w-vwrapper usg_vwrapper_1 align_left valign_top\"><h2 class=\"w-post-elm post_title usg_post_title_1 entry-title color_link_inherit\"><a href=\"https:\/\/e-cristians.cat\/es\/basilica-de-la-purisima-concepcion-y-asuncion-de-nuestra-senora-barcelona\/\">Bas\u00edlica de la Pur\u00edsima Concepci\u00f3n y Asunci\u00f3n de Nuestra Se\u00f1ora (Barcelona)<\/a><\/h2><div class=\"w-hwrapper usg_hwrapper_1 align_left valign_top wrap\"><time class=\"w-post-elm post_date usg_post_date_1 entry-date published\" datetime=\"2020-07-06T17:22:41+02:00\"><i class=\"far fa-clock\"><\/i>6 de julio de 2020<\/time><\/div><\/div>\t\t<\/div>\r\n\t<\/article>\r\n\t<article class=\"w-grid-item post-714 post type-post status-publish format-standard has-post-thumbnail hentry category-turisme-religios-es tag-turismo-religioso\" data-id=\"714\">\r\n\t\t<div class=\"w-grid-item-h\">\r\n\t\t\t\t\t\t<div class=\"w-post-elm post_image usg_post_image_1 imagen_cluster stretched\"><a href=\"https:\/\/e-cristians.cat\/es\/antiguo-monasterio-canonical-de-santa-maria-lluca\/\" aria-label=\"Antiguo Monasterio canonical de Santa Mar\u00eda (Llu\u00e7\u00e0)\"><img decoding=\"async\" width=\"400\" height=\"300\" data-src=\"https:\/\/e-cristians.cat\/wp-content\/uploads\/2020\/06\/Monestir.jpg\" class=\"attachment-large size-large wp-post-image lazyload\" alt=\"monestir\" data-srcset=\"https:\/\/e-cristians.cat\/wp-content\/uploads\/2020\/06\/Monestir.jpg 400w, https:\/\/e-cristians.cat\/wp-content\/uploads\/2020\/06\/Monestir-300x225.jpg 300w\" data-sizes=\"(max-width: 400px) 100vw, 400px\" src=\"data:image\/svg+xml;base64,PHN2ZyB3aWR0aD0iMSIgaGVpZ2h0PSIxIiB4bWxucz0iaHR0cDovL3d3dy53My5vcmcvMjAwMC9zdmciPjwvc3ZnPg==\" style=\"--smush-placeholder-width: 400px; --smush-placeholder-aspect-ratio: 400\/300;\" \/><\/a><\/div><div class=\"w-vwrapper usg_vwrapper_1 align_left valign_top\"><h2 class=\"w-post-elm post_title usg_post_title_1 entry-title color_link_inherit\"><a href=\"https:\/\/e-cristians.cat\/es\/antiguo-monasterio-canonical-de-santa-maria-lluca\/\">Antiguo Monasterio canonical de Santa Mar\u00eda (Llu\u00e7\u00e0)<\/a><\/h2><div class=\"w-hwrapper usg_hwrapper_1 align_left valign_top wrap\"><time class=\"w-post-elm post_date usg_post_date_1 entry-date published\" datetime=\"2020-06-10T12:22:54+02:00\"><i class=\"far fa-clock\"><\/i>10 de junio de 2020<\/time><\/div><\/div>\t\t<\/div>\r\n\t<\/article>\r\n<\/div><div class=\"w-grid-preloader\"><div class=\"g-preloader type_1\">\r\n\t<div><\/div>\r\n<\/div>\r\n<\/div>\t<div class=\"w-grid-json hidden\" onclick='return {&quot;action&quot;:&quot;us_ajax_grid&quot;,&quot;ajax_url&quot;:&quot;https:\\\/\\\/e-cristians.cat\\\/wp-admin\\\/admin-ajax.php&quot;,&quot;infinite_scroll&quot;:0,&quot;max_num_pages&quot;:1,&quot;pagination&quot;:&quot;regular&quot;,&quot;permalink_url&quot;:&quot;https:\\\/\\\/e-cristians.cat\\\/es\\\/wp-json\\\/wp\\\/v2\\\/pages\\\/442\\\/&quot;,&quot;template_vars&quot;:{&quot;columns&quot;:&quot;3&quot;,&quot;exclude_items&quot;:&quot;none&quot;,&quot;img_size&quot;:&quot;default&quot;,&quot;ignore_items_size&quot;:false,&quot;items_layout&quot;:&quot;631&quot;,&quot;items_offset&quot;:&quot;1&quot;,&quot;load_animation&quot;:&quot;none&quot;,&quot;overriding_link&quot;:&quot;none&quot;,&quot;post_id&quot;:442,&quot;query_args&quot;:{&quot;post_type&quot;:[&quot;post&quot;],&quot;tax_query&quot;:[{&quot;taxonomy&quot;:&quot;category&quot;,&quot;field&quot;:&quot;slug&quot;,&quot;terms&quot;:[&quot;turisme-religios-es&quot;]}],&quot;post_status&quot;:[&quot;publish&quot;,&quot;cf7pp-pending&quot;,&quot;cf7pp-completed&quot;,&quot;cf7pp-failed&quot;,&quot;cf7pp-abandoned&quot;],&quot;posts_per_page&quot;:&quot;30&quot;},&quot;orderby_query_args&quot;:{&quot;orderby&quot;:{&quot;date&quot;:&quot;DESC&quot;}},&quot;type&quot;:&quot;grid&quot;,&quot;us_grid_ajax_index&quot;:1,&quot;us_grid_filter_params&quot;:null,&quot;us_grid_index&quot;:1,&quot;_us_grid_post_type&quot;:&quot;post&quot;,&quot;lang&quot;:&quot;es&quot;}}'><\/div>\r\n\t<\/div><\/div><\/div><\/div><\/div><\/div><\/section>\n","protected":false},"excerpt":{"rendered":"Municipio Llu\u00e7\u00e0 Comarca Osona Geolocalizaci\u00f3n GPS 42\u00ba 3\u00b4 4\u201d N ;\u00a0 2\u00ba 2\u00b4 6\u201d E UTM 31T 420145 4655902 Estilo arquitect\u00f3nico Rom\u00e1nico, siglo XII. Rutas Ruta de los Monasterios Importancia Este lugar se encuentra en Llu\u00e7\u00e0, municipio caracter\u00edstico por la arquitectura rom\u00e1nica de los siglos XI y XII. A Llu\u00e7\u00e0 se encuentran edificios del denominado...","protected":false},"author":1,"featured_media":0,"parent":0,"menu_order":0,"comment_status":"closed","ping_status":"closed","template":"","meta":{"footnotes":""},"class_list":["post-442","page","type-page","status-publish","hentry"],"yoast_head":"<!-- This site is optimized with the Yoast SEO plugin v20.0 - https:\/\/yoast.com\/wordpress\/plugins\/seo\/ -->\n<title>Turismo religioso - e-Cristians<\/title>\n<meta name=\"robots\" content=\"noindex, nofollow\" \/>\n<meta property=\"og:locale\" content=\"es_ES\" \/>\n<meta property=\"og:type\" content=\"article\" \/>\n<meta property=\"og:title\" content=\"Turismo religioso - e-Cristians\" \/>\n<meta property=\"og:url\" content=\"https:\/\/e-cristians.cat\/es\/turismo-religioso\/\" \/>\n<meta property=\"og:site_name\" content=\"e-Cristians\" \/>\n<meta property=\"article:modified_time\" content=\"2021-01-15T19:40:59+00:00\" \/>\n<meta name=\"twitter:card\" content=\"summary_large_image\" \/>\n<script type=\"application\/ld+json\" class=\"yoast-schema-graph\">{\"@context\":\"https:\/\/schema.org\",\"@graph\":[{\"@type\":\"WebPage\",\"@id\":\"https:\/\/e-cristians.cat\/es\/turismo-religioso\/\",\"url\":\"https:\/\/e-cristians.cat\/es\/turismo-religioso\/\",\"name\":\"Turismo religioso - e-Cristians\",\"isPartOf\":{\"@id\":\"https:\/\/e-cristians.cat\/#website\"},\"datePublished\":\"2020-03-18T13:26:15+00:00\",\"dateModified\":\"2021-01-15T19:40:59+00:00\",\"breadcrumb\":{\"@id\":\"https:\/\/e-cristians.cat\/es\/turismo-religioso\/#breadcrumb\"},\"inLanguage\":\"es\",\"potentialAction\":[{\"@type\":\"ReadAction\",\"target\":[\"https:\/\/e-cristians.cat\/es\/turismo-religioso\/\"]}]},{\"@type\":\"BreadcrumbList\",\"@id\":\"https:\/\/e-cristians.cat\/es\/turismo-religioso\/#breadcrumb\",\"itemListElement\":[{\"@type\":\"ListItem\",\"position\":1,\"name\":\"Inici\",\"item\":\"https:\/\/e-cristians.cat\/es\/\"},{\"@type\":\"ListItem\",\"position\":2,\"name\":\"Turismo religioso\"}]},{\"@type\":\"WebSite\",\"@id\":\"https:\/\/e-cristians.cat\/#website\",\"url\":\"https:\/\/e-cristians.cat\/\",\"name\":\"e-Cristians\",\"description\":\"\",\"potentialAction\":[{\"@type\":\"SearchAction\",\"target\":{\"@type\":\"EntryPoint\",\"urlTemplate\":\"https:\/\/e-cristians.cat\/?s={search_term_string}\"},\"query-input\":\"required name=search_term_string\"}],\"inLanguage\":\"es\"}]}<\/script>\n<!-- \/ Yoast SEO plugin. -->","yoast_head_json":{"title":"Turismo religioso - e-Cristians","robots":{"index":"noindex","follow":"nofollow"},"og_locale":"es_ES","og_type":"article","og_title":"Turismo religioso - e-Cristians","og_url":"https:\/\/e-cristians.cat\/es\/turismo-religioso\/","og_site_name":"e-Cristians","article_modified_time":"2021-01-15T19:40:59+00:00","twitter_card":"summary_large_image","schema":{"@context":"https:\/\/schema.org","@graph":[{"@type":"WebPage","@id":"https:\/\/e-cristians.cat\/es\/turismo-religioso\/","url":"https:\/\/e-cristians.cat\/es\/turismo-religioso\/","name":"Turismo religioso - e-Cristians","isPartOf":{"@id":"https:\/\/e-cristians.cat\/#website"},"datePublished":"2020-03-18T13:26:15+00:00","dateModified":"2021-01-15T19:40:59+00:00","breadcrumb":{"@id":"https:\/\/e-cristians.cat\/es\/turismo-religioso\/#breadcrumb"},"inLanguage":"es","potentialAction":[{"@type":"ReadAction","target":["https:\/\/e-cristians.cat\/es\/turismo-religioso\/"]}]},{"@type":"BreadcrumbList","@id":"https:\/\/e-cristians.cat\/es\/turismo-religioso\/#breadcrumb","itemListElement":[{"@type":"ListItem","position":1,"name":"Inici","item":"https:\/\/e-cristians.cat\/es\/"},{"@type":"ListItem","position":2,"name":"Turismo religioso"}]},{"@type":"WebSite","@id":"https:\/\/e-cristians.cat\/#website","url":"https:\/\/e-cristians.cat\/","name":"e-Cristians","description":"","potentialAction":[{"@type":"SearchAction","target":{"@type":"EntryPoint","urlTemplate":"https:\/\/e-cristians.cat\/?s={search_term_string}"},"query-input":"required name=search_term_string"}],"inLanguage":"es"}]}},"jetpack_sharing_enabled":true,"_links":{"self":[{"href":"https:\/\/e-cristians.cat\/es\/wp-json\/wp\/v2\/pages\/442"}],"collection":[{"href":"https:\/\/e-cristians.cat\/es\/wp-json\/wp\/v2\/pages"}],"about":[{"href":"https:\/\/e-cristians.cat\/es\/wp-json\/wp\/v2\/types\/page"}],"author":[{"embeddable":true,"href":"https:\/\/e-cristians.cat\/es\/wp-json\/wp\/v2\/users\/1"}],"replies":[{"embeddable":true,"href":"https:\/\/e-cristians.cat\/es\/wp-json\/wp\/v2\/comments?post=442"}],"version-history":[{"count":2,"href":"https:\/\/e-cristians.cat\/es\/wp-json\/wp\/v2\/pages\/442\/revisions"}],"predecessor-version":[{"id":647,"href":"https:\/\/e-cristians.cat\/es\/wp-json\/wp\/v2\/pages\/442\/revisions\/647"}],"wp:attachment":[{"href":"https:\/\/e-cristians.cat\/es\/wp-json\/wp\/v2\/media?parent=442"}],"curies":[{"name":"wp","href":"https:\/\/api.w.org\/{rel}","templated":true}]}}